{"id":1611,"date":"2023-03-13T09:13:12","date_gmt":"2023-03-13T09:13:12","guid":{"rendered":"https:\/\/www.albasoundsl.com\/albasound\/"},"modified":"2025-04-29T11:58:04","modified_gmt":"2025-04-29T11:58:04","slug":"albasound","status":"publish","type":"page","link":"https:\/\/www.albasoundsl.com\/ca\/","title":{"rendered":"Albasound"},"content":{"rendered":"<div class=\"wpb-content-wrapper\"><p>[vc_row unlock_row_content=&#8221;yes&#8221; row_height_percent=&#8221;0&#8243; override_padding=&#8221;yes&#8221; h_padding=&#8221;2&#8243; top_padding=&#8221;2&#8243; bottom_padding=&#8221;2&#8243; overlay_alpha=&#8221;50&#8243; equal_height=&#8221;yes&#8221; gutter_size=&#8221;3&#8243; column_width_percent=&#8221;100&#8243; shift_y=&#8221;0&#8243; z_index=&#8221;0&#8243; medium_visibility=&#8221;yes&#8221; mobile_visibility=&#8221;yes&#8221; uncode_shortcode_id=&#8221;212687&#8243;][vc_column column_width_percent=&#8221;100&#8243; gutter_size=&#8221;3&#8243; overlay_alpha=&#8221;50&#8243; shift_x=&#8221;0&#8243; shift_y=&#8221;0&#8243; shift_y_down=&#8221;0&#8243; z_index=&#8221;0&#8243; medium_width=&#8221;0&#8243; mobile_width=&#8221;7&#8243; width=&#8221;1\/1&#8243; uncode_shortcode_id=&#8221;221202&#8243;][uncode_index el_id=&#8221;index-257771&#8243; loop=&#8221;size:10|order_by:date|post_type:post|by_id:817|taxonomy_count:10&#8243; screen_lg=&#8221;1000&#8243; screen_md=&#8221;600&#8243; screen_sm=&#8221;480&#8243; gutter_size=&#8221;3&#8243; post_items=&#8221;media|featured|nolink|original&#8221; single_text=&#8221;overlay&#8221; single_width=&#8221;12&#8243; single_overlay_opacity=&#8221;50&#8243; single_overlay_anim=&#8221;no&#8221; single_text_anim=&#8221;no&#8221; single_image_anim=&#8221;no&#8221; single_secondary=&#8221;yes&#8221; single_padding=&#8221;2&#8243; single_border=&#8221;yes&#8221; uncode_shortcode_id=&#8221;132476&#8243; items=&#8221;eyIzNjBfaSI6eyJzaW5nbGVfc2Vjb25kYXJ5IjoieWVzIiwic2luZ2xlX292ZXJsYXlfYW5pbSI6Im5vIiwic2luZ2xlX3RleHRfYW5pbSI6Im5vIiwic2luZ2xlX2ltYWdlX2FuaW0iOiJubyJ9fQ==&#8221;][\/vc_column][\/vc_row][vc_row unlock_row_content=&#8221;yes&#8221; row_height_percent=&#8221;0&#8243; override_padding=&#8221;yes&#8221; h_padding=&#8221;2&#8243; top_padding=&#8221;2&#8243; bottom_padding=&#8221;2&#8243; overlay_alpha=&#8221;50&#8243; equal_height=&#8221;yes&#8221; gutter_size=&#8221;3&#8243; column_width_percent=&#8221;100&#8243; shift_y=&#8221;0&#8243; z_index=&#8221;0&#8243; desktop_visibility=&#8221;yes&#8221; uncode_shortcode_id=&#8221;179026&#8243;][vc_column column_width_percent=&#8221;100&#8243; gutter_size=&#8221;3&#8243; overlay_alpha=&#8221;50&#8243; shift_x=&#8221;0&#8243; shift_y=&#8221;0&#8243; shift_y_down=&#8221;0&#8243; z_index=&#8221;0&#8243; medium_width=&#8221;0&#8243; mobile_width=&#8221;7&#8243; width=&#8221;1\/1&#8243; uncode_shortcode_id=&#8221;221202&#8243;][uncode_index el_id=&#8221;index-257771&#8243; loop=&#8221;size:10|order_by:date|post_type:post|by_id:819|taxonomy_count:10&#8243; screen_lg=&#8221;1000&#8243; screen_md=&#8221;600&#8243; screen_sm=&#8221;480&#8243; gutter_size=&#8221;3&#8243; post_items=&#8221;media|featured|nolink|original&#8221; single_text=&#8221;overlay&#8221; single_width=&#8221;12&#8243; single_overlay_opacity=&#8221;50&#8243; single_overlay_anim=&#8221;no&#8221; single_text_anim=&#8221;no&#8221; single_image_anim=&#8221;no&#8221; single_secondary=&#8221;yes&#8221; single_padding=&#8221;2&#8243; single_border=&#8221;yes&#8221; uncode_shortcode_id=&#8221;162542&#8243; items=&#8221;eyIzNjBfaSI6eyJzaW5nbGVfc2Vjb25kYXJ5IjoieWVzIiwic2luZ2xlX292ZXJsYXlfYW5pbSI6Im5vIiwic2luZ2xlX3RleHRfYW5pbSI6Im5vIiwic2luZ2xlX2ltYWdlX2FuaW0iOiJubyJ9fQ==&#8221;][\/vc_column][\/vc_row][vc_row unlock_row_content=&#8221;yes&#8221; row_height_percent=&#8221;0&#8243; overlay_alpha=&#8221;50&#8243; equal_height=&#8221;yes&#8221; gutter_size=&#8221;3&#8243; column_width_percent=&#8221;100&#8243; shift_y=&#8221;0&#8243; z_index=&#8221;0&#8243; desktop_visibility=&#8221;yes&#8221; medium_visibility=&#8221;yes&#8221; mobile_visibility=&#8221;yes&#8221; uncode_shortcode_id=&#8221;226365&#8243;][vc_column column_width_percent=&#8221;100&#8243; gutter_size=&#8221;3&#8243; overlay_alpha=&#8221;50&#8243; shift_x=&#8221;0&#8243; shift_y=&#8221;0&#8243; shift_y_down=&#8221;0&#8243; z_index=&#8221;0&#8243; medium_width=&#8221;0&#8243; mobile_width=&#8221;4&#8243; width=&#8221;1\/4&#8243; uncode_shortcode_id=&#8221;195550&#8243;][vc_single_image media=&#8221;228&#8243; media_width_percent=&#8221;100&#8243; advanced=&#8221;yes&#8221; media_items=&#8221;media|original&#8221; media_text=&#8221;under&#8221; media_overlay_color=&#8221;color-101216&#8243; media_overlay_opacity=&#8221;100&#8243; media_overlay_visible=&#8221;yes&#8221; media_image_anim=&#8221;no&#8221; media_v_position=&#8221;bottom&#8221; media_h_position=&#8221;right&#8221; media_padding=&#8221;1&#8243; media_text_reduced=&#8221;yes&#8221; css_animation=&#8221;alpha-anim&#8221; uncode_shortcode_id=&#8221;192578&#8243; media_overlay_color_type=&#8221;uncode-palette&#8221; el_class=&#8221;arc-radius-home-images&#8221; media_link=&#8221;url:%23&#8243;][\/vc_column][vc_column column_width_percent=&#8221;100&#8243; gutter_size=&#8221;3&#8243; overlay_alpha=&#8221;50&#8243; shift_x=&#8221;0&#8243; shift_y=&#8221;0&#8243; shift_y_down=&#8221;0&#8243; z_index=&#8221;0&#8243; medium_width=&#8221;0&#8243; mobile_width=&#8221;4&#8243; width=&#8221;1\/4&#8243; uncode_shortcode_id=&#8221;196718&#8243;][vc_single_image media=&#8221;228&#8243; media_width_percent=&#8221;100&#8243; advanced=&#8221;yes&#8221; media_items=&#8221;media|original&#8221; media_text=&#8221;under&#8221; media_overlay_color=&#8221;color-101216&#8243; media_overlay_opacity=&#8221;100&#8243; media_overlay_visible=&#8221;yes&#8221; media_image_anim=&#8221;no&#8221; media_v_position=&#8221;bottom&#8221; media_h_position=&#8221;right&#8221; media_padding=&#8221;1&#8243; media_text_reduced=&#8221;yes&#8221; css_animation=&#8221;alpha-anim&#8221; uncode_shortcode_id=&#8221;171555&#8243; media_overlay_color_type=&#8221;uncode-palette&#8221; el_class=&#8221;arc-radius-home-images&#8221; media_link=&#8221;url:%23&#8243;][\/vc_column][vc_column column_width_percent=&#8221;100&#8243; gutter_size=&#8221;4&#8243; expand_height=&#8221;yes&#8221; overlay_alpha=&#8221;50&#8243; shift_x=&#8221;0&#8243; shift_y=&#8221;0&#8243; shift_y_down=&#8221;0&#8243; z_index=&#8221;0&#8243; medium_width=&#8221;0&#8243; mobile_width=&#8221;4&#8243; width=&#8221;1\/4&#8243; uncode_shortcode_id=&#8221;142911&#8243;][vc_single_image media=&#8221;229&#8243; media_width_percent=&#8221;100&#8243; advanced=&#8221;yes&#8221; media_items=&#8221;media|original&#8221; media_text=&#8221;under&#8221; media_overlay_color=&#8221;color-101216&#8243; media_overlay_opacity=&#8221;100&#8243; media_overlay_visible=&#8221;yes&#8221; media_image_anim=&#8221;no&#8221; media_v_position=&#8221;bottom&#8221; media_h_position=&#8221;right&#8221; media_padding=&#8221;1&#8243; media_text_reduced=&#8221;yes&#8221; css_animation=&#8221;alpha-anim&#8221; uncode_shortcode_id=&#8221;213949&#8243; media_overlay_color_type=&#8221;uncode-palette&#8221; el_class=&#8221;arc-radius-home-images&#8221; media_link=&#8221;url:%23&#8243;][vc_single_image media=&#8221;230&#8243; media_width_percent=&#8221;100&#8243; advanced=&#8221;yes&#8221; media_items=&#8221;media|original&#8221; media_text=&#8221;under&#8221; media_overlay_color=&#8221;color-101216&#8243; media_overlay_opacity=&#8221;100&#8243; media_overlay_visible=&#8221;yes&#8221; media_image_anim=&#8221;no&#8221; media_v_position=&#8221;bottom&#8221; media_h_position=&#8221;right&#8221; media_padding=&#8221;2&#8243; media_text_reduced=&#8221;yes&#8221; css_animation=&#8221;alpha-anim&#8221; uncode_shortcode_id=&#8221;161016&#8243; media_overlay_color_type=&#8221;uncode-palette&#8221; el_class=&#8221;arc-radius-home-images align-bottom&#8221; media_link=&#8221;url:%23&#8243;][\/vc_column][vc_column column_width_percent=&#8221;100&#8243; gutter_size=&#8221;3&#8243; overlay_alpha=&#8221;50&#8243; shift_x=&#8221;0&#8243; shift_y=&#8221;0&#8243; shift_y_down=&#8221;0&#8243; z_index=&#8221;0&#8243; medium_width=&#8221;0&#8243; mobile_width=&#8221;4&#8243; width=&#8221;1\/4&#8243; uncode_shortcode_id=&#8221;179773&#8243;][vc_single_image media=&#8221;228&#8243; media_width_percent=&#8221;100&#8243; advanced=&#8221;yes&#8221; media_items=&#8221;media|original&#8221; media_text=&#8221;under&#8221; media_overlay_color=&#8221;color-101216&#8243; media_overlay_opacity=&#8221;100&#8243; media_overlay_visible=&#8221;yes&#8221; media_image_anim=&#8221;no&#8221; media_v_position=&#8221;bottom&#8221; media_h_position=&#8221;right&#8221; media_padding=&#8221;1&#8243; media_text_reduced=&#8221;yes&#8221; css_animation=&#8221;alpha-anim&#8221; uncode_shortcode_id=&#8221;170859&#8243; media_overlay_color_type=&#8221;uncode-palette&#8221; el_class=&#8221;arc-radius-home-images&#8221; media_link=&#8221;url:%23&#8243;][\/vc_column][\/vc_row][vc_row unlock_row_content=&#8221;yes&#8221; row_height_percent=&#8221;0&#8243; overlay_alpha=&#8221;50&#8243; gutter_size=&#8221;3&#8243; column_width_percent=&#8221;100&#8243; border_color=&#8221;color-jevc&#8221; border_style=&#8221;solid&#8221; shift_y=&#8221;0&#8243; z_index=&#8221;0&#8243; auto_height_device=&#8221;yes&#8221; uncode_shortcode_id=&#8221;105327&#8243; css=&#8221;.vc_custom_1680097369037{border-top-width: 1px !important;border-bottom-width: 1px !important;}&#8221; border_color_type=&#8221;uncode-palette&#8221;][vc_column width=&#8221;1\/1&#8243;][vc_custom_heading text_color=&#8221;color-101216&#8243; heading_semantic=&#8221;h1&#8243; text_size=&#8221;fontsize-148153&#8243; text_transform=&#8221;uppercase&#8221; uncode_shortcode_id=&#8221;105911&#8243; text_color_type=&#8221;uncode-palette&#8221; el_class=&#8221;marquee-left-right&#8221;]Producci\u00f3 audiovisual s\u00f2lida i precisa. Preparats, llestos&#8230; ja![\/vc_custom_heading][\/vc_column][\/vc_row][vc_row unlock_row_content=&#8221;yes&#8221; row_height_percent=&#8221;0&#8243; override_padding=&#8221;yes&#8221; h_padding=&#8221;2&#8243; top_padding=&#8221;3&#8243; bottom_padding=&#8221;3&#8243; overlay_alpha=&#8221;50&#8243; gutter_size=&#8221;3&#8243; column_width_percent=&#8221;100&#8243; shift_y=&#8221;0&#8243; z_index=&#8221;0&#8243; uncode_shortcode_id=&#8221;419663&#8243;][vc_column width=&#8221;1\/1&#8243;][vc_row_inner row_inner_height_percent=&#8221;0&#8243; overlay_alpha=&#8221;50&#8243; gutter_size=&#8221;3&#8243; preserve_border=&#8221;yes&#8221; preserve_border_tablet=&#8221;yes&#8221; preserve_border_mobile=&#8221;yes&#8221; border_color=&#8221;color-jevc&#8221; border_style=&#8221;solid&#8221; shift_y=&#8221;0&#8243; z_index=&#8221;0&#8243; uncode_shortcode_id=&#8221;994900&#8243; css=&#8221;.vc_custom_1678804880175{border-top-width: 1px !important;border-right-width: 1px !important;border-bottom-width: 1px !important;border-left-width: 1px !important;}&#8221; border_color_type=&#8221;uncode-palette&#8221; el_class=&#8221;arc-radius-text-boxes&#8221;][vc_column_inner column_width_percent=&#8221;100&#8243; gutter_size=&#8221;3&#8243; override_padding=&#8221;yes&#8221; column_padding=&#8221;3&#8243; overlay_alpha=&#8221;50&#8243; shift_x=&#8221;0&#8243; shift_y=&#8221;0&#8243; shift_y_down=&#8221;0&#8243; z_index=&#8221;0&#8243; medium_width=&#8221;0&#8243; mobile_width=&#8221;0&#8243; width=&#8221;1\/3&#8243; uncode_shortcode_id=&#8221;563987&#8243;][vc_column_text uncode_shortcode_id=&#8221;106334&#8243;]\/ QU\u00c8 FEM[\/vc_column_text][\/vc_column_inner][vc_column_inner column_width_percent=&#8221;100&#8243; gutter_size=&#8221;3&#8243; override_padding=&#8221;yes&#8221; column_padding=&#8221;3&#8243; overlay_alpha=&#8221;50&#8243; shift_x=&#8221;0&#8243; shift_y=&#8221;0&#8243; shift_y_down=&#8221;0&#8243; z_index=&#8221;0&#8243; medium_width=&#8221;0&#8243; mobile_width=&#8221;0&#8243; width=&#8221;2\/3&#8243; uncode_shortcode_id=&#8221;117351&#8243;][vc_column_text uncode_shortcode_id=&#8221;138152&#8243;]A Albasound combinem el millor equipament t\u00e8cnic amb el millor equip hum\u00e0 per preparar i produir els teus esdeveniments, tenint cura de tots els detalls, tocant les tecles necess\u00e0ries i assegurant-nos que tot surti tan b\u00e9 com sigui possible. I davant de qualsevol contratemps, que sempre pot passar, donem la millor resposta.<\/p>\n<p>En definitiva, posem la tecnologia m\u00e9s avan\u00e7ada a les mans dels millors professionals i dirigim els esdeveniments amb precisi\u00f3 per oferir una experi\u00e8ncia s\u00f2lida i exitosa.[\/vc_column_text][\/vc_column_inner][\/vc_row_inner][\/vc_column][\/vc_row][vc_row][vc_column column_width_percent=&#8221;100&#8243; align_horizontal=&#8221;align_center&#8221; gutter_size=&#8221;3&#8243; overlay_alpha=&#8221;50&#8243; shift_x=&#8221;0&#8243; shift_y=&#8221;0&#8243; shift_y_down=&#8221;0&#8243; z_index=&#8221;0&#8243; medium_width=&#8221;0&#8243; mobile_width=&#8221;0&#8243; width=&#8221;1\/1&#8243; uncode_shortcode_id=&#8221;112909&#8243;][vc_custom_heading text_size=&#8221;&#8221; text_weight=&#8221;400&#8243; uncode_shortcode_id=&#8221;146197&#8243;]<span data-sheets-value=\"{&quot;1&quot;:2,&quot;2&quot;:&quot;SERVICES&quot;}\" data-sheets-userformat=\"{&quot;2&quot;:957,&quot;3&quot;:{&quot;1&quot;:0},&quot;5&quot;:{&quot;1&quot;:[{&quot;1&quot;:2,&quot;2&quot;:0,&quot;5&quot;:{&quot;1&quot;:2,&quot;2&quot;:0}},{&quot;1&quot;:0,&quot;2&quot;:0,&quot;3&quot;:3},{&quot;1&quot;:1,&quot;2&quot;:0,&quot;4&quot;:1}]},&quot;6&quot;:{&quot;1&quot;:[{&quot;1&quot;:2,&quot;2&quot;:0,&quot;5&quot;:{&quot;1&quot;:2,&quot;2&quot;:0}},{&quot;1&quot;:0,&quot;2&quot;:0,&quot;3&quot;:3},{&quot;1&quot;:1,&quot;2&quot;:0,&quot;4&quot;:1}]},&quot;7&quot;:{&quot;1&quot;:[{&quot;1&quot;:2,&quot;2&quot;:0,&quot;5&quot;:{&quot;1&quot;:2,&quot;2&quot;:0}},{&quot;1&quot;:0,&quot;2&quot;:0,&quot;3&quot;:3},{&quot;1&quot;:1,&quot;2&quot;:0,&quot;4&quot;:1}]},&quot;8&quot;:{&quot;1&quot;:[{&quot;1&quot;:2,&quot;2&quot;:0,&quot;5&quot;:{&quot;1&quot;:2,&quot;2&quot;:0}},{&quot;1&quot;:0,&quot;2&quot;:0,&quot;3&quot;:3},{&quot;1&quot;:1,&quot;2&quot;:0,&quot;4&quot;:1}]},&quot;10&quot;:0,&quot;11&quot;:4,&quot;12&quot;:0}\">SERVEIS<\/span>[\/vc_custom_heading][vc_column_text uncode_shortcode_id=&#8221;125397&#8243;]<\/p>\n<div class=\"vertical-line\"><\/div>\n<p>[\/vc_column_text][vc_empty_space empty_h=&#8221;3&#8243;][vc_wp_custommenu nav_menu=&#8221;3&#8243; use_widget_style=&#8221;yes&#8221; widget_style_no_arrows=&#8221;yes&#8221; el_class=&#8221;menu-services-block&#8221;][vc_column_text uncode_shortcode_id=&#8221;125397&#8243;]<\/p>\n<div class=\"vertical-line\"><\/div>\n<p>[\/vc_column_text][vc_empty_space empty_h=&#8221;4&#8243;][vc_button button_color=&#8221;color-jevc&#8221; radius=&#8221;btn-round&#8221; outline=&#8221;yes&#8221; border_width=&#8221;1&#8243; link=&#8221;url:%2Fca%2Fserveis%2F|title:Serveis&#8221; uncode_shortcode_id=&#8221;171902&#8243; button_color_type=&#8221;uncode-palette&#8221;]VEURE TOTS[\/vc_button][\/vc_column][\/vc_row][vc_row unlock_row_content=&#8221;yes&#8221; row_height_percent=&#8221;0&#8243; override_padding=&#8221;yes&#8221; h_padding=&#8221;2&#8243; top_padding=&#8221;3&#8243; bottom_padding=&#8221;3&#8243; overlay_alpha=&#8221;50&#8243; gutter_size=&#8221;3&#8243; column_width_percent=&#8221;100&#8243; shift_y=&#8221;0&#8243; z_index=&#8221;0&#8243; uncode_shortcode_id=&#8221;122700&#8243;][vc_column column_width_percent=&#8221;100&#8243; gutter_size=&#8221;3&#8243; overlay_alpha=&#8221;50&#8243; shift_x=&#8221;0&#8243; shift_y=&#8221;0&#8243; shift_y_down=&#8221;0&#8243; z_index=&#8221;0&#8243; medium_width=&#8221;0&#8243; mobile_width=&#8221;0&#8243; width=&#8221;1\/1&#8243; uncode_shortcode_id=&#8221;298693&#8243;][vc_row_inner row_inner_height_percent=&#8221;0&#8243; back_color=&#8221;color-xsdn&#8221; overlay_alpha=&#8221;50&#8243; equal_height=&#8221;yes&#8221; gutter_size=&#8221;0&#8243; shift_y=&#8221;0&#8243; z_index=&#8221;0&#8243; uncode_shortcode_id=&#8221;493284&#8243; back_color_type=&#8221;uncode-palette&#8221; el_class=&#8221;arc-radius-row&#8221;][vc_column_inner column_width_percent=&#8221;100&#8243; gutter_size=&#8221;3&#8243; override_padding=&#8221;yes&#8221; column_padding=&#8221;3&#8243; overlay_alpha=&#8221;50&#8243; shift_x=&#8221;0&#8243; shift_y=&#8221;0&#8243; shift_y_down=&#8221;0&#8243; z_index=&#8221;0&#8243; medium_width=&#8221;0&#8243; mobile_width=&#8221;0&#8243; width=&#8221;1\/2&#8243; uncode_shortcode_id=&#8221;346815&#8243;][vc_custom_heading uncode_shortcode_id=&#8221;145783&#8243;]No hi ha projectes impossibles[\/vc_custom_heading][vc_column_text uncode_shortcode_id=&#8221;183923&#8243; el_class=&#8221;bottom-text&#8221;]Amb m\u00e9s de 25 anys d\u2019experi\u00e8ncia en el sector de l\u2019entreteniment i l\u2019espectacle, tant a nivell nacional com internacional, la nostra passi\u00f3 es reflecteix en cadascun dels nostres \u00e8xits. No creiem en els l\u00edmits: cada proposta dels nostres clients es converteix en un repte.[\/vc_column_text][\/vc_column_inner][vc_column_inner column_width_percent=&#8221;100&#8243; gutter_size=&#8221;3&#8243; overlay_alpha=&#8221;50&#8243; shift_x=&#8221;0&#8243; shift_y=&#8221;0&#8243; shift_y_down=&#8221;0&#8243; z_index=&#8221;0&#8243; medium_width=&#8221;0&#8243; mobile_width=&#8221;0&#8243; width=&#8221;1\/2&#8243; uncode_shortcode_id=&#8221;148703&#8243; css=&#8221;.vc_custom_1678959868248{padding-left: 0px !important;}&#8221;][vc_single_image media=&#8221;959&#8243; media_width_percent=&#8221;100&#8243; shape=&#8221;img-round&#8221; radius=&#8221;lg&#8221; uncode_shortcode_id=&#8221;805536&#8243;][\/vc_column_inner][\/vc_row_inner][\/vc_column][\/vc_row][vc_row unlock_row_content=&#8221;yes&#8221; row_height_percent=&#8221;0&#8243; override_padding=&#8221;yes&#8221; h_padding=&#8221;2&#8243; top_padding=&#8221;0&#8243; bottom_padding=&#8221;3&#8243; overlay_alpha=&#8221;50&#8243; gutter_size=&#8221;3&#8243; column_width_percent=&#8221;100&#8243; shift_y=&#8221;0&#8243; z_index=&#8221;0&#8243; uncode_shortcode_id=&#8221;208127&#8243;][vc_column column_width_percent=&#8221;100&#8243; gutter_size=&#8221;3&#8243; overlay_alpha=&#8221;50&#8243; shift_x=&#8221;0&#8243; shift_y=&#8221;0&#8243; shift_y_down=&#8221;0&#8243; z_index=&#8221;0&#8243; medium_width=&#8221;0&#8243; mobile_width=&#8221;0&#8243; width=&#8221;1\/1&#8243; uncode_shortcode_id=&#8221;298693&#8243;][vc_row_inner row_inner_height_percent=&#8221;0&#8243; back_color=&#8221;color-xsdn&#8221; overlay_alpha=&#8221;50&#8243; equal_height=&#8221;yes&#8221; gutter_size=&#8221;0&#8243; shift_y=&#8221;0&#8243; z_index=&#8221;0&#8243; inverted_device_order=&#8221;yes&#8221; uncode_shortcode_id=&#8221;147018&#8243; back_color_type=&#8221;uncode-palette&#8221; el_class=&#8221;arc-radius-row&#8221;][vc_column_inner column_width_percent=&#8221;100&#8243; gutter_size=&#8221;3&#8243; overlay_alpha=&#8221;50&#8243; shift_x=&#8221;0&#8243; shift_y=&#8221;0&#8243; shift_y_down=&#8221;0&#8243; z_index=&#8221;0&#8243; medium_width=&#8221;0&#8243; mobile_width=&#8221;0&#8243; width=&#8221;1\/2&#8243; uncode_shortcode_id=&#8221;712623&#8243; css=&#8221;.vc_custom_1678959875950{padding-right: 0px !important;}&#8221;][vc_single_image media=&#8221;962&#8243; media_width_percent=&#8221;100&#8243; shape=&#8221;img-round&#8221; radius=&#8221;lg&#8221; uncode_shortcode_id=&#8221;154866&#8243;][\/vc_column_inner][vc_column_inner column_width_percent=&#8221;100&#8243; gutter_size=&#8221;3&#8243; override_padding=&#8221;yes&#8221; column_padding=&#8221;3&#8243; overlay_alpha=&#8221;50&#8243; shift_x=&#8221;0&#8243; shift_y=&#8221;0&#8243; shift_y_down=&#8221;0&#8243; z_index=&#8221;0&#8243; medium_width=&#8221;0&#8243; mobile_width=&#8221;0&#8243; width=&#8221;1\/2&#8243; uncode_shortcode_id=&#8221;343257&#8243;][vc_custom_heading uncode_shortcode_id=&#8221;142580&#8243;]Il\u00b7luminaci\u00f3, so i v\u00eddeo sense l\u00edmits[\/vc_custom_heading][vc_column_text uncode_shortcode_id=&#8221;153359&#8243; el_class=&#8221;bottom-text&#8221;]Produ\u00efm i dissenyem esdeveniments de tota mena, seguint estrat\u00e8gies que combinen creativitat i producci\u00f3. Ens adaptem als objectius espec\u00edfics de cada projecte, aportant tot el necessari per consolidar-los, des de les infraestructures fins als detalls m\u00e9s creatius. Junts farem realitat el teu esdeveniment.[\/vc_column_text][\/vc_column_inner][\/vc_row_inner][\/vc_column][\/vc_row][vc_row unlock_row_content=&#8221;yes&#8221; row_height_percent=&#8221;0&#8243; override_padding=&#8221;yes&#8221; h_padding=&#8221;2&#8243; top_padding=&#8221;0&#8243; bottom_padding=&#8221;2&#8243; overlay_alpha=&#8221;50&#8243; gutter_size=&#8221;3&#8243; column_width_percent=&#8221;100&#8243; shift_y=&#8221;0&#8243; z_index=&#8221;0&#8243; uncode_shortcode_id=&#8221;107450&#8243;][vc_column column_width_percent=&#8221;100&#8243; gutter_size=&#8221;3&#8243; overlay_alpha=&#8221;50&#8243; shift_x=&#8221;0&#8243; shift_y=&#8221;0&#8243; shift_y_down=&#8221;0&#8243; z_index=&#8221;0&#8243; medium_width=&#8221;0&#8243; mobile_width=&#8221;0&#8243; width=&#8221;1\/1&#8243; uncode_shortcode_id=&#8221;298693&#8243;][vc_row_inner row_inner_height_percent=&#8221;0&#8243; back_color=&#8221;color-xsdn&#8221; overlay_alpha=&#8221;50&#8243; equal_height=&#8221;yes&#8221; gutter_size=&#8221;0&#8243; shift_y=&#8221;0&#8243; z_index=&#8221;0&#8243; uncode_shortcode_id=&#8221;191971&#8243; back_color_type=&#8221;uncode-palette&#8221; el_class=&#8221;arc-radius-row&#8221;][vc_column_inner column_width_percent=&#8221;100&#8243; gutter_size=&#8221;3&#8243; override_padding=&#8221;yes&#8221; column_padding=&#8221;3&#8243; overlay_alpha=&#8221;50&#8243; shift_x=&#8221;0&#8243; shift_y=&#8221;0&#8243; shift_y_down=&#8221;0&#8243; z_index=&#8221;0&#8243; medium_width=&#8221;0&#8243; mobile_width=&#8221;0&#8243; width=&#8221;1\/2&#8243; uncode_shortcode_id=&#8221;461228&#8243;][vc_custom_heading uncode_shortcode_id=&#8221;110431&#8243;]Equip hum\u00e0 i t\u00e8cnic al teu servei[\/vc_custom_heading][vc_column_text uncode_shortcode_id=&#8221;166995&#8243; el_class=&#8221;bottom-text&#8221;]Disposem d\u2019equipament d\u2019il\u00b7luminaci\u00f3, so i v\u00eddeo d\u2019\u00faltima generaci\u00f3. I el combinem amb un equip de professionals altament qualificats per a cada ocasi\u00f3, que t\u2019ofereixen un tracte personalitzat, especialitzat i proper.[\/vc_column_text][\/vc_column_inner][vc_column_inner column_width_percent=&#8221;100&#8243; gutter_size=&#8221;3&#8243; overlay_alpha=&#8221;50&#8243; shift_x=&#8221;0&#8243; shift_y=&#8221;0&#8243; shift_y_down=&#8221;0&#8243; z_index=&#8221;0&#8243; medium_width=&#8221;0&#8243; mobile_width=&#8221;0&#8243; width=&#8221;1\/2&#8243; uncode_shortcode_id=&#8221;211064&#8243; css=&#8221;.vc_custom_1678959883633{padding-left: 0px !important;}&#8221;][vc_single_image media=&#8221;965&#8243; media_width_percent=&#8221;100&#8243; shape=&#8221;img-round&#8221; radius=&#8221;lg&#8221; uncode_shortcode_id=&#8221;231871&#8243;][\/vc_column_inner][\/vc_row_inner][\/vc_column][\/vc_row][vc_row row_height_percent=&#8221;0&#8243; override_padding=&#8221;yes&#8221; h_padding=&#8221;2&#8243; top_padding=&#8221;3&#8243; bottom_padding=&#8221;5&#8243; overlay_alpha=&#8221;50&#8243; gutter_size=&#8221;3&#8243; column_width_percent=&#8221;100&#8243; shift_y=&#8221;0&#8243; z_index=&#8221;0&#8243; content_parallax=&#8221;0&#8243; uncode_shortcode_id=&#8221;850966&#8243;][vc_column column_width_percent=&#8221;100&#8243; align_horizontal=&#8221;align_center&#8221; gutter_size=&#8221;3&#8243; overlay_alpha=&#8221;50&#8243; shift_x=&#8221;0&#8243; shift_y=&#8221;0&#8243; shift_y_down=&#8221;0&#8243; z_index=&#8221;0&#8243; medium_width=&#8221;0&#8243; mobile_width=&#8221;0&#8243; width=&#8221;1\/1&#8243; uncode_shortcode_id=&#8221;150397&#8243;][vc_custom_heading heading_semantic=&#8221;h3&#8243; text_size=&#8221;h3&#8243; text_transform=&#8221;uppercase&#8221; uncode_shortcode_id=&#8221;804401&#8243;]UPDATES[\/vc_custom_heading][vc_raw_html]JTVCaW5zdGFncmFtJTIwZmVlZCUzRCUyMjEyMTIlMjIlNUQ=[\/vc_raw_html][\/vc_column][\/vc_row][vc_row][vc_column width=&#8221;1\/1&#8243;][uncode_block id=&#8221;1885&#8243;][\/vc_column][\/vc_row]<\/p>\n<\/div>","protected":false},"excerpt":{"rendered":"<p>[vc_row unlock_row_content=&#8221;yes&#8221; row_height_percent=&#8221;0&#8243; override_padding=&#8221;yes&#8221; h_padding=&#8221;2&#8243; top_padding=&#8221;2&#8243; bottom_padding=&#8221;2&#8243; overlay_alpha=&#8221;50&#8243; equal_height=&#8221;yes&#8221; gutter_size=&#8221;3&#8243; column_width_percent=&#8221;100&#8243; shift_y=&#8221;0&#8243; z_index=&#8221;0&#8243; medium_visibility=&#8221;yes&#8221; mobile_visibility=&#8221;yes&#8221; uncode_shortcode_id=&#8221;212687&#8243;][vc_column column_width_percent=&#8221;100&#8243; gutter_size=&#8221;3&#8243; overlay_alpha=&#8221;50&#8243; shift_x=&#8221;0&#8243; [&hellip;]<\/p>\n","protected":false},"author":1,"featured_media":0,"parent":0,"menu_order":0,"comment_status":"closed","ping_status":"closed","template":"","meta":{"footnotes":""},"class_list":["post-1611","page","type-page","status-publish","hentry"],"_links":{"self":[{"href":"https:\/\/www.albasoundsl.com\/ca\/wp-json\/wp\/v2\/pages\/1611","targetHints":{"allow":["GET"]}}],"collection":[{"href":"https:\/\/www.albasoundsl.com\/ca\/wp-json\/wp\/v2\/pages"}],"about":[{"href":"https:\/\/www.albasoundsl.com\/ca\/wp-json\/wp\/v2\/types\/page"}],"author":[{"embeddable":true,"href":"https:\/\/www.albasoundsl.com\/ca\/wp-json\/wp\/v2\/users\/1"}],"replies":[{"embeddable":true,"href":"https:\/\/www.albasoundsl.com\/ca\/wp-json\/wp\/v2\/comments?post=1611"}],"version-history":[{"count":7,"href":"https:\/\/www.albasoundsl.com\/ca\/wp-json\/wp\/v2\/pages\/1611\/revisions"}],"predecessor-version":[{"id":1892,"href":"https:\/\/www.albasoundsl.com\/ca\/wp-json\/wp\/v2\/pages\/1611\/revisions\/1892"}],"wp:attachment":[{"href":"https:\/\/www.albasoundsl.com\/ca\/wp-json\/wp\/v2\/media?parent=1611"}],"curies":[{"name":"wp","href":"https:\/\/api.w.org\/{rel}","templated":true}]}}