{"id":1624,"date":"2023-03-28T07:06:09","date_gmt":"2023-03-28T07:06:09","guid":{"rendered":"https:\/\/www.albasoundsl.com\/legal-advice\/"},"modified":"2025-05-26T06:24:50","modified_gmt":"2025-05-26T06:24:50","slug":"avis-legal","status":"publish","type":"page","link":"https:\/\/www.albasoundsl.com\/ca\/avis-legal\/","title":{"rendered":"Av\u00eds Legal"},"content":{"rendered":"<div class=\"wpb-content-wrapper\"><p>[vc_row unlock_row_content=&#8221;yes&#8221; row_height_percent=&#8221;0&#8243; override_padding=&#8221;yes&#8221; h_padding=&#8221;2&#8243; top_padding=&#8221;2&#8243; bottom_padding=&#8221;2&#8243; overlay_alpha=&#8221;50&#8243; gutter_size=&#8221;3&#8243; column_width_percent=&#8221;100&#8243; shift_y=&#8221;0&#8243; z_index=&#8221;0&#8243; uncode_shortcode_id=&#8221;150009&#8243;][vc_column column_width_percent=&#8221;100&#8243; gutter_size=&#8221;3&#8243; override_padding=&#8221;yes&#8221; column_padding=&#8221;2&#8243; back_color=&#8221;color-xsdn&#8221; overlay_alpha=&#8221;50&#8243; radius=&#8221;lg&#8221; preserve_border=&#8221;yes&#8221; preserve_border_tablet=&#8221;yes&#8221; preserve_border_mobile=&#8221;yes&#8221; border_color=&#8221;color-113283&#8243; border_style=&#8221;solid&#8221; shift_x=&#8221;0&#8243; shift_y=&#8221;0&#8243; shift_y_down=&#8221;0&#8243; z_index=&#8221;0&#8243; medium_width=&#8221;0&#8243; mobile_width=&#8221;0&#8243; width=&#8221;1\/1&#8243; uncode_shortcode_id=&#8221;132371&#8243; border_color_type=&#8221;uncode-palette&#8221; css=&#8221;.vc_custom_1679561066710{border-top-width: 1px !important;border-right-width: 1px !important;border-bottom-width: 1px !important;border-left-width: 1px !important;}&#8221; back_color_type=&#8221;uncode-palette&#8221;][vc_row_inner row_inner_height_percent=&#8221;0&#8243; overlay_alpha=&#8221;50&#8243; equal_height=&#8221;yes&#8221; gutter_size=&#8221;3&#8243; shift_y=&#8221;0&#8243; z_index=&#8221;0&#8243; uncode_shortcode_id=&#8221;190206&#8243;][vc_column_inner column_width_percent=&#8221;100&#8243; position_vertical=&#8221;middle&#8221; gutter_size=&#8221;0&#8243; override_padding=&#8221;yes&#8221; column_padding=&#8221;0&#8243; overlay_alpha=&#8221;50&#8243; shift_x=&#8221;0&#8243; shift_y=&#8221;0&#8243; shift_y_down=&#8221;0&#8243; z_index=&#8221;0&#8243; medium_width=&#8221;0&#8243; mobile_width=&#8221;0&#8243; width=&#8221;1\/1&#8243; uncode_shortcode_id=&#8221;202254&#8243;][vc_column_text uncode_shortcode_id=&#8221;135306&#8243;]\/ AV\u00cdS LEGAL[\/vc_column_text][\/vc_column_inner][\/vc_row_inner][vc_row_inner row_inner_height_percent=&#8221;0&#8243; overlay_alpha=&#8221;50&#8243; equal_height=&#8221;yes&#8221; gutter_size=&#8221;3&#8243; shift_y=&#8221;0&#8243; z_index=&#8221;0&#8243; uncode_shortcode_id=&#8221;134922&#8243;][vc_column_inner column_width_percent=&#8221;100&#8243; position_vertical=&#8221;middle&#8221; align_horizontal=&#8221;align_center&#8221; gutter_size=&#8221;3&#8243; override_padding=&#8221;yes&#8221; column_padding=&#8221;4&#8243; overlay_alpha=&#8221;50&#8243; shift_x=&#8221;0&#8243; shift_y=&#8221;0&#8243; shift_y_down=&#8221;0&#8243; z_index=&#8221;0&#8243; medium_width=&#8221;0&#8243; mobile_width=&#8221;0&#8243; width=&#8221;1\/1&#8243; uncode_shortcode_id=&#8221;211803&#8243;][vc_column_text text_lead=&#8221;yes&#8221; uncode_shortcode_id=&#8221;192312&#8243;]Per tal de donar compliment a l&#8217;article 10 de la Llei 34\/2002, de Serveis de la Societat de la Informaci\u00f3 i comer\u00e7 electr\u00f2nic (LSSI-CE), informem als usuaris de les nostres dades identificatives i de contacte:<\/p>\n<p>Nom o denominaci\u00f3 social: ALBASOUND S.L<br \/>\nNom comercial: ALBASOUND S.L<br \/>\nDomicili social: C\/ NARC\u00cdS MONTURIOL, 18 &#8211; 08339 VILASSAR DE DALT (BARCELONA)<br \/>\nNIF: B62783436<br \/>\nTel\u00e8fon: 937547097<br \/>\nE-Mail: SONIA@ALBASOUNDSL.COM<br \/>\nDades Registrals: Aquesta societat consta inscrita al Registre Mercantil de Barcelona, Volum 34389, Foli 171, Full B245056, Secci\u00f3 1\u00aa.<\/p>\n<p><strong>1.- OBJECTE<\/strong><\/p>\n<p>ALBASOUND S.L. (en endavant, ALBASOUND), com a responsable de l\u2019espai web WWW.ALBASOUNDSL.COM, posa a disposici\u00f3 dels usuaris el present document, el qual regula l&#8217;\u00fas del web WWW.ALBASOUNDSL.COM, amb el qual pretenem donar compliment a les obligacions que disposa la Llei 34 \/ 2002, de Serveis de la Societat de la Informaci\u00f3 i comer\u00e7 electr\u00f2nic, aix\u00ed com informar a tots els usuaris respecte de quines s\u00f3n les condicions d&#8217;\u00fas i navegaci\u00f3 de la p\u00e0gina web.<\/p>\n<p>Mitjan\u00e7ant aquest lloc web, ALBASOUND facilita als usuaris l&#8217;acc\u00e9s i utilitzaci\u00f3 dels diferents serveis i continguts posats a la seva disposici\u00f3 en aquesta p\u00e0gina web.<\/p>\n<p>Tota persona que accedeixi a aquesta p\u00e0gina web ser\u00e0 considerat usuari (des d&#8217;ara, l&#8217;usuari), i implica l&#8217;acceptaci\u00f3 total i sense reserves de totes i cadascuna de les disposicions incloses en aquest Av\u00eds legal, aix\u00ed com altres disposicions legals que puguin resultar d&#8217;aplicaci\u00f3.<\/p>\n<p>L&#8217;usuari haur\u00e0 de llegir atentament el present av\u00eds legal, i es recomana la seva lectura abans de visitar la p\u00e0gina web, i cada vegada que accedeixi a aquesta, amb la finalitat de con\u00e8ixer i entendre les modificacions que el prestador hagu\u00e9s pogut realitzar. En aquest sentit, el prestador es reserva el dret de modificar les presents condicions, sense que existeixi l&#8217;obligaci\u00f3 d&#8217;avisar o posar en coneixement dels usuaris les modificacions efectuades, sent suficient la publicaci\u00f3 de les mateixes en aquesta p\u00e0gina web. \u00c9s responsabilitat de l&#8217;usuari accedir peri\u00f2dicament a aquestes condicions, ja que seran aplicables les m\u00e9s recents, deixant sense efecte les condicions pr\u00e8vies.<\/p>\n<p><strong>2.- CONDICIONS D\u2019ACC\u00c9S I UTILITZACI\u00d3 DE LA P\u00c0GINA WEB<\/strong><\/p>\n<p>Mitjan\u00e7ant el present av\u00eds legal s&#8217;informa als usuaris de les condicions que regeixen l&#8217;acc\u00e9s i \u00fas de la p\u00e0gina web, tenint les mateixes la consideraci\u00f3 de condicions generals de contractaci\u00f3.<\/p>\n<p>2.1. Car\u00e0cter gratu\u00eft de l&#8217;acc\u00e9s i \u00fas del web.<\/p>\n<p>La prestaci\u00f3 dels serveis per part de ALBASOUND en aquest lloc web tenen car\u00e0cter gratu\u00eft per a tots els usuaris. No obstant aix\u00f2, alguns dels serveis subministrats pel prestador a trav\u00e9s d&#8217;aquesta p\u00e0gina web poden estar subjectes a el pagament d&#8217;un preu determinat. En aquest sup\u00f2sit, sempre s&#8217;informar\u00e0 a l&#8217;usuari del car\u00e0cter oner\u00f3s de determinats serveis, sent necess\u00e0ria la seva pr\u00e8via contractaci\u00f3, i resultant d&#8217;aplicaci\u00f3 les condicions generals de venda que hi hagu\u00e9s a la p\u00e0gina web, aix\u00ed com la normativa de consum vigent en cada moment.<\/p>\n<p>2.2. Registre d&#8217;usuari.<\/p>\n<p>Amb car\u00e0cter general, la prestaci\u00f3 dels serveis oferts en aquesta p\u00e0gina web no exigeixen la pr\u00e8via subscripci\u00f3 o registre dels usuaris. Tot i aix\u00f2, \u00e9s possible que el prestador condicioni l&#8217;\u00fas d&#8217;alguns serveis al previ compliment del corresponent registre d&#8217;usuaris. Aquest registre s&#8217;efectuar\u00e0 en la forma expressament indicada en la pr\u00f2pia secci\u00f3 del servei. El tractament de dades personals de l&#8217;usuari que pugui tenir lloc com a conseq\u00fc\u00e8ncia d\u2019un registre o subscripci\u00f3 es regir\u00e0 per la nostra Pol\u00edtica de privacitat.<\/p>\n<p>2.3. Veracitat de la informaci\u00f3.<\/p>\n<p>Tota la informaci\u00f3 que faciliti l&#8217;usuari a trav\u00e9s d&#8217;aquesta p\u00e0gina web haur\u00e0 de ser vera\u00e7. A aquests efectes, l&#8217;usuari garanteix l&#8217;autenticitat de les dades comunicades a trav\u00e9s dels formularis de contacte habilitats. Ser\u00e0 responsabilitat de l&#8217;usuari mantenir tota la informaci\u00f3 facilitada a ALBASOUND permanentment actualitzada de manera que respongui, en cada moment, a la seva situaci\u00f3 real. En tot cas, l&#8217;usuari ser\u00e0 l&#8217;\u00fanic responsable de les manifestacions falses o inexactes que realitzi i dels perjudicis que pugui causar al prestador o a tercers.<\/p>\n<p>2.4. Menors d&#8217;edat.<\/p>\n<p>ALBASOUND recomana l&#8217;\u00fas d&#8217;aquesta p\u00e0gina web a majors de 18 anys. Per a l&#8217;\u00fas dels serveis d&#8217;aquesta p\u00e0gina web, els menors d&#8217;edat han d&#8217;obtenir sempre pr\u00e8viament el consentiment dels pares, tutors o representants legals, responsables \u00faltims de tots els actes realitzats pels menors al seu c\u00e0rrec. La responsabilitat en la determinaci\u00f3 de continguts concrets als quals accedeixin els menors correspon a aquells, \u00e9s per aix\u00f2 que, si accedeixen a continguts no apropiats per Internet, s&#8217;hauran de configurar en els seus ordinadors o dispositius m\u00f2bils mecanismes (filtres, bloquejos, etc.), que permetin limitar els continguts disponibles.<\/p>\n<p>2.5. Obligacions dels usuaris.<\/p>\n<p>L&#8217;usuari es compromet a utilitzar aquesta p\u00e0gina web de conformitat amb les presents Condicions, la llei, la moral i els bons costums. En aquests termes, l&#8217;usuari s&#8217;abstindr\u00e0 d&#8217;utilitzar aquest lloc web amb finalitats il\u00b7l\u00edcites o prohibides, lesives de drets i interessos del prestador, altres usuaris i tercers, o que de qualsevol forma puguin malmetre, inutilitzar, sobrecarregar, deteriorar o impedir la normal utilitzaci\u00f3 d&#8217;equips inform\u00e0tics o documents, arxius i tota classe de continguts emmagatzemats en qualsevol equip inform\u00e0tic del prestador o tercers.<\/p>\n<p>En particular, i a t\u00edtol indicatiu, per\u00f2 no exhaustiu, l&#8217;usuari es compromet a no transmetre, difondre o posar a disposici\u00f3 de terceres informacions, dades, continguts, missatges, gr\u00e0fics, dibuixos, arxius de so o imatge, fotografies, enregistraments, programari i , en general, qualsevol classe de material que:<\/p>\n<p>\u2022 Sigui contrari, menyspre\u00ef o atempti contra els drets fonamentals i llibertats p\u00fabliques reconegudes constitucionalment, en tractats internacionals i altres normes vigents.<br \/>\n\u2022 Indueixi, inciti o promogui actuacions delictives, denigrants, difamat\u00f2ries, violentes o, en general, contr\u00e0ries a les lleis, la moral i l&#8217;ordre p\u00fablic.<br \/>\n\u2022 Indueixi, inciti o promogui actuacions, actituds o pensaments discriminatoris per ra\u00f3 de sexe, ra\u00e7a, religi\u00f3, creences, edat, orientaci\u00f3 sexual o condici\u00f3, entre d&#8217;altres.<br \/>\n\u2022 Sigui contrari a el dret a l&#8217;honor, a la intimitat personal o familiar oa la pr\u00f2pia imatge de les persones.<br \/>\n\u2022 De qualsevol manera que perjudiqui la credibilitat del prestador o de tercers.<br \/>\n\u2022 Que constitueixi publicitat il\u00b7l\u00edcita, enganyosa o deslleial.<\/p>\n<p><strong>3.- EXCLUSI\u00d3 DE GARANTIES I RESPONSABILITAT<\/strong><\/p>\n<p>El contingut d&#8217;aquest lloc web \u00e9s de car\u00e0cter general i t\u00e9 una finalitat merament informativa, sense que es garanteixi plenament l&#8217;acc\u00e9s a tots els continguts, ni la seva exhaustivitat, correcci\u00f3, vig\u00e8ncia o actualitat; ni la seva idone\u00eftat o utilitat per a un objectiu espec\u00edfic.<\/p>\n<p>El prestador s&#8217;eximeix de qualsevol tipus de responsabilitat derivada de la informaci\u00f3 publicada a la nostra p\u00e0gina web, sempre que aquesta informaci\u00f3 hagi estat manipulada o introdu\u00efda per un tercer ali\u00e8.<\/p>\n<p>Aquest lloc web ha estat revisat i provat perqu\u00e8 funcioni correctament. No obstant aix\u00f2, el prestador no descarta la possibilitat que existeixin determinats errors de programaci\u00f3, o que succeeixin causes de for\u00e7a major, cat\u00e0strofes naturals, vagues, o circumst\u00e0ncies semblants que facin impossible de forma temporal l&#8217;acc\u00e9s a la p\u00e0gina web.<\/p>\n<p>El prestador exclou, fins on permet l&#8217;ordenament jur\u00eddic, qualsevol responsabilitat pels danys i perjudicis de tota naturalesa derivats de:<\/p>\n<p>1. La impossibilitat d&#8217;acc\u00e9s a la p\u00e0gina web o la falta de veracitat, exactitud, exhaustivitat i\/o actualitat dels continguts, aix\u00ed com l&#8217;exist\u00e8ncia de vicis i defectes de tota classe dels continguts transmesos, difosos, emmagatzemats, posats a disposici\u00f3 a els que s&#8217;hagi accedit a trav\u00e9s del lloc web o dels serveis que s&#8217;ofereixen.<br \/>\n2. La pres\u00e8ncia de virus o d&#8217;altres elements en els continguts que puguin produir alteracions en els sistemes inform\u00e0tics, documents electr\u00f2nics o dades dels usuaris.<br \/>\n3. L&#8217;incompliment de les lleis, la bona fe, l&#8217;ordre p\u00fablic, els usos del tr\u00e0nsit i el present Av\u00eds Legal, com a conseq\u00fc\u00e8ncia de l&#8217;\u00fas incorrecte del lloc web. En particular, i a mode d&#8217;exemple, el prestador no es fa responsable de les actuacions de tercers que vulnerin drets de propietat intel\u00b7lectual i industrial, secrets empresarials, drets a l&#8217;honor, a la intimitat personal i familiar i a la pr\u00f2pia imatge, aix\u00ed com la normativa en mat\u00e8ria de compet\u00e8ncia deslleial i publicitat il\u00b7l\u00edcita.<\/p>\n<p>El prestador no garanteix la disponibilitat cont\u00ednua i permanent dels serveis, quedant exonerat de qualsevol responsabilitat per possibles danys i perjudicis causats com a conseq\u00fc\u00e8ncia de la manca de disponibilitat del servei per motius de for\u00e7a major o errors en les xarxes telem\u00e0tiques de transfer\u00e8ncia de dades aliens a la seva voluntat, o per desconnexions realitzades per treballs de millora o manteniment dels equips i sistemes inform\u00e0tics. El prestador no ser\u00e0 responsable per la interrupci\u00f3, suspensi\u00f3 o finalitzaci\u00f3 de la informaci\u00f3 o serveis. Aix\u00ed mateix, no es responsabilitza de les possibles omissions, p\u00e8rdues d&#8217;informaci\u00f3, dades, configuracions, accessos indeguts o vulneraci\u00f3 de la confidencialitat que tinguin origen en problemes t\u00e8cnics, de comunicacions o omissions humanes, causades per tercers o no imputables al prestador. Tampoc respondr\u00e0 dels danys produ\u00efts per atacs inform\u00e0tics o causats per virus que afectin a programes inform\u00e0tics, sistemes de comunicacions o equips utilitzats pel prestador, per\u00f2 fabricats o facilitats per un tercer. El prestador podr\u00e0, a la seva sola discreci\u00f3, denegar, retirar, suspendre i\/o bloquejar en qualsevol moment, i sense necessitat de previ av\u00eds, l&#8217;acc\u00e9s a la informaci\u00f3 i serveis a aquells usuaris que incompleixin les presents condicions.<\/p>\n<p>El prestador no es fa responsable sota cap circumst\u00e0ncia dels danys que puguin sorgir arran l&#8217;\u00fas il\u00b7legal o indegut de la present p\u00e0gina web.<\/p>\n<p>En tot cas, el prestador exclou qualsevol responsabilitat pels danys i perjudicis que es puguin deure a la informaci\u00f3 i\/o serveis prestats o subministrats per tercers, diferents dels oferts pel prestador. Tota responsabilitat recaur\u00e0 sobre el tercer, ja sigui aquest prove\u00efdor, col\u00b7laborador o un altre.<\/p>\n<p><strong>4.- ENLLA\u00c7OS (LINKS)<\/strong><\/p>\n<p>\u00c9s possible que aquest lloc web inclogui enlla\u00e7os o hipervincles que permeti als usuaris ser redirigits a continguts de p\u00e0gines web i llocs d&#8217;Internet pertanyents a tercers aliens al prestador. Degut a que des de la nostra p\u00e0gina web no podem controlar sempre els continguts introdu\u00efts pels tercers, ALBASOUND no assumeix cap tipus de responsabilitat respecte a aquests continguts. En tot cas, el prestador manifesta que procedir\u00e0 a la retirada immediata de qualsevol contingut que pogu\u00e9s contravenir la legislaci\u00f3 nacional i\/o internacional, la moral o l&#8217;ordre p\u00fablic, procedint a la retirada immediata de l&#8217;enlla\u00e7 o enlla\u00e7 a webs de tercers, i posant en coneixement de les autoritats competents el contingut en q\u00fcesti\u00f3.<\/p>\n<p>El prestador no es responsabilitza de la informaci\u00f3 i continguts emmagatzemats, a t\u00edtol enunciatiu, per\u00f2 no limitatiu, en f\u00f2rums, xats, generadors de blogs, comentaris, xarxes socials o qualsevol altre mitj\u00e0 que permeti a tercers publicar continguts de forma independent en la p\u00e0gina web del prestador. No obstant aix\u00f2, i en compliment del qu\u00e8 disposa els articles 11 i 16 LSSI-CE, el prestador es posa a disposici\u00f3 dels usuaris, autoritats i forces de seguretat, i col\u00b7laborant de forma activa en la retirada o, quan sigui necessari, el bloqueig de tots aquells continguts que puguin afectar o contravenir la legislaci\u00f3 nacional, o internacional, drets de tercers, o la moral i l&#8217;ordre p\u00fablic. En cas que l&#8217;usuari consideri que pugui existir algun contingut que pogu\u00e9s ser susceptible d&#8217;aquesta classificaci\u00f3, es prega ho faci saber el m\u00e9s aviat possible a l&#8217;administrador del lloc web.<\/p>\n<p><strong>5.- PROPIETAT INTEL\u00b7LECTUAL<\/strong><\/p>\n<p>Aquest lloc web, incloent a t\u00edtol enunciatiu, per\u00f2 no limitatiu, la programaci\u00f3, edici\u00f3, compilaci\u00f3 i altres elements necessaris per al seu funcionament; els dissenys, logotips, textos, fotografies i\/o elements gr\u00e0fics i sonors, s\u00f3n propietat del prestador, o b\u00e9 disposa de les llic\u00e8ncies i\/o autoritzacions concedides pels seus autors per al seu \u00fas leg\u00edtim. Tots els continguts del lloc web es troben degudament protegits per la normativa sobre propietat intel\u00b7lectual i industrial aplicable.<\/p>\n<p>Independentment de la finalitat per la qual fossin destinats, la reproducci\u00f3 total o parcial, \u00fas, distribuci\u00f3 i comunicaci\u00f3 p\u00fablica requereixen de l&#8217;autoritzaci\u00f3 escrita pr\u00e8via per part del prestador. Qualsevol \u00fas no autoritzat pr\u00e8viament per part del prestador ser\u00e0 considerat un incompliment greu dels drets de propietat intel\u00b7lectual i industrial del seu leg\u00edtim propietari.<\/p>\n<p>Els dissenys, logotips, textos, gr\u00e0fics, entre d&#8217;altres, aliens al prestador i que puguin apar\u00e8ixer en aquest lloc web, pertanyen als seus respectius propietaris, sent ells mateixos responsables de qualsevol possible controv\u00e8rsia que pogu\u00e9s esdevenir respecte dels mateixos. En tot cas, el prestador compta amb l&#8217;autoritzaci\u00f3 expressa i pr\u00e8via per part dels mateixos per a la seva utilitzaci\u00f3 en aquesta p\u00e0gina web.<\/p>\n<p>El prestador reconeix a favor dels seus titulars els corresponents drets de propietat industrial i intel\u00b7lectual, no implicant el seu esment o aparici\u00f3 en el lloc web, de l&#8217;exist\u00e8ncia de drets o cap responsabilitat del prestador sobre els mateixos, com tampoc suport, patrocini o recomanaci\u00f3 per part d&#8217;aquest.<\/p>\n<p><strong>6.- XARXES SOCIALS<\/strong><\/p>\n<p>L&#8217;informem que ALBASOUND pot estar present en diverses xarxes socials. El tractament de les dades que els usuaris incloguin en les mateixes, sent seguidors dels perfils de ALBASOUND, o realitzant qualsevol vincle o acci\u00f3 de connexi\u00f3 a trav\u00e9s de aquestes, es regir\u00e0 pel present apartat d&#8217;aquest Av\u00eds Legal. Quan l&#8217;usuari es trobi en el perfil de ALBASOUND en les diverses xarxes socials en qu\u00e8 tingui pres\u00e8ncia, li s\u00f3n aplicables les condicions d&#8217;\u00fas i les pol\u00edtiques de privacitat de les diferents xarxes socials. ALBASOUND no es far\u00e0 responsable dels comentaris que altres usuaris de les xarxes socials puguin publicar en el perfil de l&#8217;empresa, tot aix\u00f2 sense perjudici de les possibles accions que ALBASOUND pugui exercir davant els titulars de les xarxes socials (per exemple, sol\u00b7licitud d\u2019eliminaci\u00f3 de comentaris inapropiats, ofensius, o lesius de drets d&#8217;altres usuaris).<\/p>\n<p>ALBASOUND tindr\u00e0 acc\u00e9s a les dades personals que l&#8217;usuari hagi publicat en els seus perfils de les xarxes socials, de la mateixa manera que altres usuaris de les xarxes socials puguin tenir acc\u00e9s.<\/p>\n<p>Queda prohibida la publicaci\u00f3 del seg\u00fcent contingut en el perfil de ALBASOUND en xarxes socials, tot aix\u00f2 sense perjudici de les normes de conducta i condicions d&#8217;\u00fas del servei imposades pels titulars de les diferents xarxes socials:<\/p>\n<p>Publicacions que incompleixin la normativa nacional, comunit\u00e0ria i internacional aplicable, o que suposin la realitzaci\u00f3 d&#8217;activitats il\u00b7l\u00edcites o que contravinguin els principis de la bona fe.<br \/>\nPublicacions que atemptin contra els drets fonamentals i llibertats p\u00fabliques de les persones, faltin a la cortesia a la xarxa, al respecte o al bon nom.<\/p>\n<p>Aix\u00ed mateix, ALBASOUND es reserva la potestat de retirar de la p\u00e0gina web, o de les xarxes socials, aquells continguts que es considerin inadequats.<\/p>\n<p><strong>7.- PROTECCI\u00d3 DE DADES<\/strong><\/p>\n<p>\u00c9s possible que el prestador obtingui dades personals dels usuaris a trav\u00e9s de formularis de contacte, formularis de registre o altres mitjans similars. L&#8217;usuari podr\u00e0 obtenir m\u00e9s informaci\u00f3 sobre el tractament de les seves dades personals en la nostra Pol\u00edtica de Privacitat, o dirigint-se al prestador a trav\u00e9s de les dades de contacte continguts en el present Av\u00eds Legal, i a trav\u00e9s dels formularis de contacte que, si escau, hagin estat habilitats a l&#8217;efecte.<\/p>\n<p><strong>8.- COOKIES<\/strong><\/p>\n<p>Aquest lloc web utilitza cookies pr\u00f2pies i de tercers. Per con\u00e8ixer m\u00e9s informaci\u00f3 sobre qu\u00e8 s\u00f3n les cookies i per a qu\u00e8 les utilitzem, pots accedir a la nostra Pol\u00edtica de Cookies.<\/p>\n<p><strong>9.- NUL\u00b7LITAT PARCIAL<\/strong><\/p>\n<p>Si alguna de les condicions del present Av\u00eds Legal fos declarada nul\u00b7la o inefica\u00e7 per resoluci\u00f3 ferma dictada per una autoritat competent, els restants termes i condicions romandran en vigor, sense que quedin afectats per aquesta declaraci\u00f3 de nul\u00b7litat.<\/p>\n<p><strong>10.- LLEI APLICABLE I JURISDICCI\u00d3<\/strong><\/p>\n<p>Per a la resoluci\u00f3 de les controv\u00e8rsies o q\u00fcestions relacionades amb les presents condicions, \u00e9s aplicable la legislaci\u00f3 espanyola, sent competent pel coneixement dels conflictes que puguin sorgir en la interpretaci\u00f3 i aplicaci\u00f3 de les presents condicions dels Jutjats i Tribunals de domicili del prestador o de l&#8217;usuari, a elecci\u00f3 d&#8217;aquest \u00faltim.[\/vc_column_text][\/vc_column_inner][\/vc_row_inner][\/vc_column][\/vc_row][vc_row][vc_column width=&#8221;1\/1&#8243;][vc_empty_space empty_h=&#8221;3&#8243;][\/vc_column][\/vc_row]<\/p>\n<\/div>","protected":false},"excerpt":{"rendered":"<p>[vc_row unlock_row_content=&#8221;yes&#8221; row_height_percent=&#8221;0&#8243; override_padding=&#8221;yes&#8221; h_padding=&#8221;2&#8243; top_padding=&#8221;2&#8243; bottom_padding=&#8221;2&#8243; overlay_alpha=&#8221;50&#8243; gutter_size=&#8221;3&#8243; column_width_percent=&#8221;100&#8243; shift_y=&#8221;0&#8243; z_index=&#8221;0&#8243; uncode_shortcode_id=&#8221;150009&#8243;][vc_column column_width_percent=&#8221;100&#8243; gutter_size=&#8221;3&#8243; override_padding=&#8221;yes&#8221; column_padding=&#8221;2&#8243; back_color=&#8221;color-xsdn&#8221; overlay_alpha=&#8221;50&#8243; radius=&#8221;lg&#8221; [&hellip;]<\/p>\n","protected":false},"author":1,"featured_media":0,"parent":0,"menu_order":0,"comment_status":"closed","ping_status":"closed","template":"","meta":{"footnotes":""},"class_list":["post-1624","page","type-page","status-publish","hentry"],"_links":{"self":[{"href":"https:\/\/www.albasoundsl.com\/ca\/wp-json\/wp\/v2\/pages\/1624","targetHints":{"allow":["GET"]}}],"collection":[{"href":"https:\/\/www.albasoundsl.com\/ca\/wp-json\/wp\/v2\/pages"}],"about":[{"href":"https:\/\/www.albasoundsl.com\/ca\/wp-json\/wp\/v2\/types\/page"}],"author":[{"embeddable":true,"href":"https:\/\/www.albasoundsl.com\/ca\/wp-json\/wp\/v2\/users\/1"}],"replies":[{"embeddable":true,"href":"https:\/\/www.albasoundsl.com\/ca\/wp-json\/wp\/v2\/comments?post=1624"}],"version-history":[{"count":3,"href":"https:\/\/www.albasoundsl.com\/ca\/wp-json\/wp\/v2\/pages\/1624\/revisions"}],"predecessor-version":[{"id":1625,"href":"https:\/\/www.albasoundsl.com\/ca\/wp-json\/wp\/v2\/pages\/1624\/revisions\/1625"}],"wp:attachment":[{"href":"https:\/\/www.albasoundsl.com\/ca\/wp-json\/wp\/v2\/media?parent=1624"}],"curies":[{"name":"wp","href":"https:\/\/api.w.org\/{rel}","templated":true}]}}