{"id":1627,"date":"2023-03-28T06:56:51","date_gmt":"2023-03-28T06:56:51","guid":{"rendered":"https:\/\/www.albasoundsl.com\/privacy-policy\/"},"modified":"2025-05-26T06:33:56","modified_gmt":"2025-05-26T06:33:56","slug":"politica-privacitat","status":"publish","type":"page","link":"https:\/\/www.albasoundsl.com\/ca\/politica-privacitat\/","title":{"rendered":"Pol\u00edtica de Privacitat"},"content":{"rendered":"<div class=\"wpb-content-wrapper\"><p>[vc_row unlock_row_content=&#8221;yes&#8221; row_height_percent=&#8221;0&#8243; override_padding=&#8221;yes&#8221; h_padding=&#8221;2&#8243; top_padding=&#8221;2&#8243; bottom_padding=&#8221;2&#8243; overlay_alpha=&#8221;50&#8243; gutter_size=&#8221;3&#8243; column_width_percent=&#8221;100&#8243; shift_y=&#8221;0&#8243; z_index=&#8221;0&#8243; uncode_shortcode_id=&#8221;150009&#8243;][vc_column column_width_percent=&#8221;100&#8243; gutter_size=&#8221;3&#8243; override_padding=&#8221;yes&#8221; column_padding=&#8221;2&#8243; back_color=&#8221;color-xsdn&#8221; overlay_alpha=&#8221;50&#8243; radius=&#8221;lg&#8221; preserve_border=&#8221;yes&#8221; preserve_border_tablet=&#8221;yes&#8221; preserve_border_mobile=&#8221;yes&#8221; border_color=&#8221;color-113283&#8243; border_style=&#8221;solid&#8221; shift_x=&#8221;0&#8243; shift_y=&#8221;0&#8243; shift_y_down=&#8221;0&#8243; z_index=&#8221;0&#8243; medium_width=&#8221;0&#8243; mobile_width=&#8221;0&#8243; width=&#8221;1\/1&#8243; uncode_shortcode_id=&#8221;132371&#8243; border_color_type=&#8221;uncode-palette&#8221; css=&#8221;.vc_custom_1679561066710{border-top-width: 1px !important;border-right-width: 1px !important;border-bottom-width: 1px !important;border-left-width: 1px !important;}&#8221; back_color_type=&#8221;uncode-palette&#8221;][vc_row_inner row_inner_height_percent=&#8221;0&#8243; overlay_alpha=&#8221;50&#8243; equal_height=&#8221;yes&#8221; gutter_size=&#8221;3&#8243; shift_y=&#8221;0&#8243; z_index=&#8221;0&#8243; uncode_shortcode_id=&#8221;190206&#8243;][vc_column_inner column_width_percent=&#8221;100&#8243; position_vertical=&#8221;middle&#8221; gutter_size=&#8221;0&#8243; override_padding=&#8221;yes&#8221; column_padding=&#8221;0&#8243; overlay_alpha=&#8221;50&#8243; shift_x=&#8221;0&#8243; shift_y=&#8221;0&#8243; shift_y_down=&#8221;0&#8243; z_index=&#8221;0&#8243; medium_width=&#8221;0&#8243; mobile_width=&#8221;0&#8243; width=&#8221;1\/1&#8243; uncode_shortcode_id=&#8221;202254&#8243;][vc_column_text uncode_shortcode_id=&#8221;184905&#8243;]\/ POL\u00cdTICA DE PRIVACITAT[\/vc_column_text][\/vc_column_inner][\/vc_row_inner][vc_row_inner row_inner_height_percent=&#8221;0&#8243; overlay_alpha=&#8221;50&#8243; equal_height=&#8221;yes&#8221; gutter_size=&#8221;3&#8243; shift_y=&#8221;0&#8243; z_index=&#8221;0&#8243; uncode_shortcode_id=&#8221;134922&#8243;][vc_column_inner column_width_percent=&#8221;100&#8243; position_vertical=&#8221;middle&#8221; align_horizontal=&#8221;align_center&#8221; gutter_size=&#8221;3&#8243; override_padding=&#8221;yes&#8221; column_padding=&#8221;4&#8243; overlay_alpha=&#8221;50&#8243; shift_x=&#8221;0&#8243; shift_y=&#8221;0&#8243; shift_y_down=&#8221;0&#8243; z_index=&#8221;0&#8243; medium_width=&#8221;0&#8243; mobile_width=&#8221;0&#8243; width=&#8221;1\/1&#8243; uncode_shortcode_id=&#8221;211803&#8243;][vc_column_text text_lead=&#8221;yes&#8221; uncode_shortcode_id=&#8221;213031&#8243;]Per mitj\u00e0 d&#8217;aquest lloc web, es recullen dades de car\u00e0cter personal necess\u00e0ries per a la gesti\u00f3 i manteniment d&#8217;alguns dels nostres serveis.<\/p>\n<p>L&#8217;informem que el titular del lloc web (responsable del tractament) compleix amb la Llei Org\u00e0nica 3\/2018, de 5 de desembre, de Protecci\u00f3 de Dades Personal i garantia dels drets digitals (en endavant, LOPDGDD), el Reglament UE 2016\/679, General de Protecci\u00f3 de Dades (en endavant, RGPD) i la resta de normativa vigent i d&#8217;aplicaci\u00f3 en cada moment, vetllant per garantir un correcte \u00fas i tractament de les dades personals de l&#8217;usuari.<\/p>\n<p>De conformitat amb l&#8217;article 13 del RGPD i 11 de la LOPDGDD, aquesta Pol\u00edtica de Privacitat \u00e9s v\u00e0lida als tractaments de dades de car\u00e0cter personal que ALBASOUND S.L. (en endevant, ALBASOUND) realitza com a responsable del tractament, en relaci\u00f3 amb les dades que els usuaris i\/o clients (persones f\u00edsiques) faciliten com a conseq\u00fc\u00e8ncia de la sol\u00b7licitud d&#8217;informaci\u00f3 i\/o contractaci\u00f3 dels serveis i\/o productes que presta i comercialitza a trav\u00e9s d&#8217;aquesta p\u00e0gina web, o recaptats en qualsevol de les seccions de la p\u00e0gina web.<\/p>\n<p><strong>Identitat del responsable del tractament de les seves dades personals<\/strong><\/p>\n<p>Responsable del tractament: ALBASOUND, S.L<br \/>\nNom comercial: ALBASOUND<br \/>\nDomicili: C\/ NARC\u00cdS MONTURIOL, 18 &#8211; 08339 VILASSAR DE DALT (BARCELONA)<br \/>\nNIF: B62783436<br \/>\nEmail: SONIA@ALBASOUNDSL.COM<\/p>\n<p><strong>FINALITATS DEL TRACTAMENT DE LES SEVES DADES PERSONALS<\/strong><\/p>\n<p>Les seves dades personals s&#8217;utilitzaran amb la finalitat gen\u00e8rica de gesti\u00f3 i control de la relaci\u00f3 comercial establerta entre l&#8217;usuari i el responsable del tractament, i espec\u00edficament per a:<\/p>\n<p>Gestionar l&#8217;acc\u00e9s complet i la utilitzaci\u00f3 correcta dels serveis i\/o productes per part dels usuaris.<br \/>\nPer comunicar-se amb els usuaris en resposta a incid\u00e8ncies, sol\u00b7licituds, comentaris i preguntes que ens faci a trav\u00e9s dels serveis i\/o productes, aix\u00ed com als formularis de contacte de la nostra p\u00e0gina web (inclosos correus electr\u00f2nics i\/o trucades telef\u00f2niques ).<br \/>\nPer proporcionar, actualitzar, mantenir i protegir els serveis i\/o productes i activitats.<br \/>\nPer oferir nous serveis i\/o productes, ofertes especials o actualitzacions.<br \/>\nSi \u00e9s el cas, gestionar processos de selecci\u00f3 de personal en processos selectius de treballadors i\/o col\u00b7laboradors.<br \/>\nComunicacions: Podrem enviar correus electr\u00f2nics, missatges i altres tipus de comunicaci\u00f3 en refer\u00e8ncia als serveis i\/o productes contractats, aix\u00ed com per a q\u00fcestions t\u00e8cniques que puguin afectar a aquesa p\u00e1gina web. Aquestes comunicacions es consideren part dels serveis i\/o productes contractats o sol.licitats.<br \/>\nSi \u00e9s el cas, comunicacions comercials (m\u00e0rqueting): Podrem utilitzar les seves dades personals per a contactar, tant per via electr\u00f2nica com no electr\u00f2nica, per realitzar enquestes, obtenir la seva opini\u00f3 sobre el servei prestat, i, ocasionalment, per notificar-li canvis, desenvolupaments importants de els serveis i\/o productes, ofertes i\/o promocions dels nostres serveis i\/o productes o de terceres empreses relacionades amb nosaltres. Aquestes ofertes comercials seran, en tot cas, autoritzades de forma expressa i separada per l&#8217;usuari que, pot revocar en qualsevol moment el seu consentiment a rebre aquestes notificacions utilitzant el mecanisme implementat a l&#8217;efecte en les mateixes, o b\u00e9, des de les prefer\u00e8ncies del compte de client.<\/p>\n<p>No tractarem les seves dades personals per a cap altra finalitat m\u00e9s enll\u00e0 de les descrites anteriorment, llevat que vingui imposat per llei o hi hagi algun requeriment judicial i\/o administratiu que impliqui un tractament de dades amb finalitats diferents a les exposades.<\/p>\n<p><strong>TERMINI DE CONSERVACI\u00d3<\/strong><\/p>\n<p>Les dades personals proporcionades es conservaran i tractaran mentre es mantingui la relaci\u00f3 de prestaci\u00f3 de serveis i\/o productes, sense perjudici de la possibilitat d&#8217;exercir els seus drets en mat\u00e8ria de protecci\u00f3 de dades (acc\u00e9s, rectificaci\u00f3, supressi\u00f3, oposici\u00f3, limitaci\u00f3, portabilitat i a no ser objecte de decisions individuals automatitzades).<\/p>\n<p>Les dades personals de les persones interessades a la recepci\u00f3 d&#8217;informaci\u00f3 sobre els serveis i\/o productes es mantindran en el sistema de manera indefinida en tant l&#8217;interessat no sol\u00b7liciti la seva supressi\u00f3.<\/p>\n<p><strong>LEGITIMACI\u00d3 DEL TRACTAMENT<\/strong><\/p>\n<p>ALBASOUND tracta les seves dades personals d&#8217;acord amb les seg\u00fcents bases legals: Consentiment de l&#8217;interessat (1), l&#8217;execuci\u00f3 d&#8217;un contracte o mesures precontractuals (2) i l\u2019inter\u00e8s leg\u00edtim (3).<\/p>\n<p>1. El consentiment de l&#8217;interessat prestat per a les finalitats anteriorment descrites, que es sol\u00b7licitar\u00e0:<\/p>\n<p>Abans de procedir a tractar les seves dades,<br \/>\nEn el proc\u00e9s de registre com a client o,<br \/>\nEn el moment d&#8217;enviar comunicacions comercials de ALBASOUND.<\/p>\n<p>Les sol\u00b7licituds d&#8217;informaci\u00f3 que ens faci arribar requereixen que l&#8217;interessat ens faciliti de forma volunt\u00e0ria les dades necess\u00e0ries per poder atendre o prestar-li els serveis i\/o productes. No obstant aix\u00f2, l&#8217;interessat pot lliurement negar-se a facilitar-nos aquestes dades o, posteriorment, revocar el consentiment pr\u00e8viament atorgat per tractar les seves dades, tot i que aquesta negativa implicar\u00e0 la impossibilitat de poder atendre la seva petici\u00f3.<\/p>\n<p>2. El tractament de dades per part de ALBASOUND es necessari per a l&#8217;execuci\u00f3 d&#8217;un contracte en el qual l&#8217;interessat \u00e9s part o per a la aplicaci\u00f3 a petici\u00f3 d&#8217;aquest de mesures precontractuals. Aquesta base jur\u00eddica ser\u00e0 d&#8217;aplicaci\u00f3 si l&#8217;usuari adquireix productes o contracta serveis mitjan\u00e7ant el nostre web.<\/p>\n<p>3. L&#8217;Inter\u00e8s leg\u00edtim de ALBASOUND a mantenir i fidelitzar els seus clients i\/o usuaris i atendre millor les seves expectatives o interessos pr\u00e8viament manifestats, per exemple: millorar els productes i\/o serveis oferts, gestionar sol\u00b7licituds, consultes o reclamacions, oferir productes similars als contractats, informar sobre promocions i descomptes vigents, entre d&#8217;altres. Tot el que s&#8217;indica anteriorment s&#8217;ent\u00e9n sense perjudici de l&#8217;acompliment per part de ALBASOUND de la resta d&#8217;obligacions relatives a l&#8217;enviament de comunicacions comercials per via electr\u00f2nica.<\/p>\n<p>ALBASOUND ent\u00e9n que, al facilitar les seves dades personals, l&#8217;interessat garanteix i es fa responsable de la veracitat, actualitat i exactitud dels mateixos, i que accepta i consenteix expressament el tractament per a les finalitats abans descrites.<\/p>\n<p><strong>DESTINATARIS DE CESSIONS O TRANSFER\u00c8NCIES INTERNACIONALS<\/strong><\/p>\n<p>Amb car\u00e0cter general, ALBASOUND no cedir\u00e0 les seves dades personals a tercers llevat que estiguem obligats legalment o vost\u00e8 ens ho hagi autoritzat expressament al fer \u00fas dels nostres serveis i\/o productes.<\/p>\n<p>ALBASOUND no realitzar\u00e0 transfer\u00e8ncies internacionals de les dades personals demanades a trav\u00e9s d&#8217;aquest lloc web, amb excepci\u00f3 dels seg\u00fcents sup\u00f2sits:<\/p>\n<p>Que la transfer\u00e8ncia internacional de dades sigui necess\u00e0ria per a l&#8217;execuci\u00f3 d&#8217;un contracte o mesures precontractuals en qu\u00e8 l&#8217;interessat sigui part.<br \/>\nQue la transfer\u00e8ncia internacional de dades sigui necess\u00e0ria per aplicaci\u00f3 de la legislaci\u00f3 vigent.<br \/>\nQue la transfer\u00e8ncia internacional de dades tingui lloc per intervenir consentiment expr\u00e9s de l&#8217;interessat.<br \/>\nQue la transfer\u00e8ncia internacional de dades tingui lloc per trobar-se allotjada la p\u00e0gina web en servidors ubicats fora de l&#8217;Espai Econ\u00f2mic Europeu.<\/p>\n<p>En tot cas, en els sup\u00f2sits en qu\u00e8 pugui tenir lloc transfer\u00e8ncies internacionals de dades, ALBASOUND comprovar\u00e0 que el pa\u00eds importador de dades garanteixi un nivell adequat de protecci\u00f3 en aplicaci\u00f3 de la normativa vigent.<\/p>\n<p><strong>DRETS DE LES PERSONES INTERESSADES<\/strong><\/p>\n<p>La normativa de protecci\u00f3 de dades permet que puguis exercir davant el responsable del tractament els teus drets d&#8217;acc\u00e9s, rectificaci\u00f3, oposici\u00f3, supressi\u00f3 (&#8220;dret a l&#8217;oblit&#8221;), limitaci\u00f3 del tractament, portabilitat i de no ser objecte de decisions individuals automatitzades. A continuaci\u00f3, t&#8217;expliquem en qu\u00e8 consisteixen aquests drets:<\/p>\n<p>Dret d&#8217;acc\u00e9s: Permet a l&#8217;interessat con\u00e8ixer i obtenir informaci\u00f3 sobre les seves dades de car\u00e0cter personal sotmeses a tractament.<br \/>\nDret de rectificaci\u00f3: Permet corregir errors, modificar les dades que resultin ser inexactes o incompletes i garantir la certesa de les seves dades personals.<br \/>\nDret de supressi\u00f3: Permet sol\u00b7licitar l&#8217;eliminaci\u00f3 de les seves dades personals quan ja no siguin necess\u00e0ries per a l&#8217;execuci\u00f3 o prestaci\u00f3 del servei.<br \/>\nDret d&#8217;oposici\u00f3: Permet a l&#8217;interessat que no es dugui a terme el tractament de les seves dades de car\u00e0cter personal o el seu cessament, llevat motius leg\u00edtims o per a l&#8217;exercici o defensa de possibles reclamacions, en aquest cas els mantindrem bloquejats durant el termini corresponent.<br \/>\nDret d&#8217;oposici\u00f3 a l&#8217;enviament de publicitat: Els interessats podran oposar-se a l&#8217;enviament de comunicacions comercials. En aquest cas pot revocar en qualsevol moment el seu consentiment a rebre aquestes notificacions.<br \/>\nLimitaci\u00f3 del tractament: En determinades circumst\u00e0ncies, els interessats podran sol\u00b7licitar la limitaci\u00f3 del tractament de les seves dades, en aquest cas \u00fanicament es conservaran per a l&#8217;exercici o defensa de reclamacions.<br \/>\nPortabilitat de les dades: Les persones interessades poden sol\u00b7licitar rebre les dades que li incumbeixin i que ens hagi facilitat o que -sempre que t\u00e8cnicament sigui possible- se&#8217;ls enviem a un altre responsable del tractament de la seva elecci\u00f3, en un format estructurat d&#8217;\u00fas com\u00fa i lectura mec\u00e0nica.<br \/>\nDret a no ser objecte de decisions individuals automatitzades (inclosa l&#8217;elaboraci\u00f3 de perfils): Les persones interessades tenen dret a no ser objecte d&#8217;una decisi\u00f3 basada en el tractament automatitzat que produeixi efectes jur\u00eddics o afecti significativament a l&#8217;interessat.<br \/>\nPossibilitat de retirar el consentiment: L&#8217;interessat t\u00e9 dret a retirar en qualsevol moment el consentiment prestat, sense que aix\u00f2 afecti la licitud del tractament basat en el consentiment donat en el moment de facilitar-nos les seves dades.<\/p>\n<p>Si desitja exercir algun dels drets exposats, preguem que es posi en contacte amb nosaltres a trav\u00e9s de les dades de contacte que apareixen a &#8220;Identificaci\u00f3 del responsable del tractament de les dades personals&#8221;, en el qual inclogui la seg\u00fcent informaci\u00f3: Nom i cognoms , n\u00famero de DNI, adre\u00e7a postal i\/o electr\u00f2nica de contacte, indicant el tipus de dret i especificar les condicions de la mateixa. \u00c9s possible que li demanem informaci\u00f3 addicional amb la finalitat de verificar la seva identitat.<\/p>\n<p>Possibilitat de reclamar davant l&#8217;Autoritat de Control: ALBASOUND l\u2019informa igualment del dret que li assisteix de presentar una reclamaci\u00f3 davant l&#8217;Ag\u00e8ncia Espanyola de Protecci\u00f3 de Dades (www.agpd.es) si considera que el tractament no s&#8217;ajusta a la normativa vigent.<\/p>\n<p><strong>INFORMACI\u00d3 ADDICIONAL<\/strong><\/p>\n<p><strong>Menors<\/strong><br \/>\nALBASOUND recomana l&#8217;\u00fas d&#8217;aquesta p\u00e0gina web a majors de 18 anys. Si accedeixen menors de 14 anys, ser\u00e0 necessari el consentiment dels pares, tutors o representants legals el menor per poder realitzar-se el tractament de les seves dades personals. Els pares, tutors o representants legals del menor seran els \u00fanics responsables en relaci\u00f3 als continguts als quals el menor poguessin tenir acc\u00e9s al visitar la nostra p\u00e0gina web.<\/p>\n<p><strong>Xarxes socials<\/strong><br \/>\n\u00c9s possible que ALBASOUND disposi de perfils a diferents xarxes socials. Tamb\u00e9 \u00e9s possible que l&#8217;usuari pugui accedir als espais privats que hi pugui haver en aquesta p\u00e0gina web a trav\u00e9s dels seus comptes en xarxes socials, en lloc d&#8217;accedir amb un usuari i contrasenya. En aquests sup\u00f2sits, s&#8217;informa als usuaris que proporcionin les seves dades personals amb la informaci\u00f3 disponible a trav\u00e9s del seu compte i\/o perfil d&#8217;usuari en les xarxes socials, que aquesta \u00e9s la responsable dels tractaments de dades que es realitzin, llevat que expressament s&#8217;informi d&#8217;altres condicions en un tractament concret.<\/p>\n<p><strong>Conservaci\u00f3 de determinades dades<\/strong><br \/>\nALBASOUND informa que, en compliment de les disposicions de la Llei 25\/2007, de 18 d&#8217;octubre, de conservaci\u00f3 de dades relatives a les comunicacions electr\u00f2niques ia les xarxes p\u00fabliques de comunicacions, ha de retenir i conservar determinades dades de tr\u00e0nsit generades durant el desenvolupament de les comunicacions amb la finalitat de cedir-los a les autoritats legitimades, quan concorrin les circumst\u00e0ncies legals que s&#8217;hi preveuen.<\/p>\n<p><strong>Dades registrades<\/strong><br \/>\nEls nostres servidors recopilen informaci\u00f3 de manera autom\u00e0tica quan l&#8217;usuari utilitza els serveis de les webs. Aquestes dades de registre poden incloure l&#8217;adre\u00e7a IP, la identificaci\u00f3 del dispositiu des del qual s&#8217;accedeix als productes, el sistema operatiu, i la configuraci\u00f3 del dispositiu, entre d&#8217;altres.<\/p>\n<p><strong>Mesures de seguretat<\/strong><br \/>\nA m\u00e9s, se l&#8217;informa que el titular del lloc web (responsable del tractament) t\u00e9 implantades les mesures de seguretat t\u00e8cniques i organitzatives necess\u00e0ries per garantir la seguretat de les seves dades de car\u00e0cter personal i evitar la seva alteraci\u00f3, p\u00e8rdua i tractament i\/o acc\u00e9s no autoritzat, tenint en compte l&#8217;estat de la tecnologia, la naturalesa de les dades emmagatzemades i els riscos a qu\u00e8 estan exposats, tant si provenen de l&#8217;acci\u00f3 humana o del medi f\u00edsic o natural. Aix\u00ed mateix, s&#8217;han establert mesures addicionals amb vista a refor\u00e7ar la confidencialitat i integritat de la informaci\u00f3 en la seva organitzaci\u00f3, mantenint cont\u00ednuament la supervisi\u00f3, control i avaluaci\u00f3 dels processos per assegurar el respecte a la privacitat de les dades.<\/p>\n<p><strong>Cookies<\/strong><br \/>\nLa nostra p\u00e0gina web utilitza cookies pr\u00f2pies i de tercers. Podr\u00e0s trobar tota la informaci\u00f3 detallada relativa a les galetes en la nostra Pol\u00edtica de Cookies.[\/vc_column_text][\/vc_column_inner][\/vc_row_inner][\/vc_column][\/vc_row][vc_row][vc_column width=&#8221;1\/1&#8243;][vc_empty_space empty_h=&#8221;3&#8243;][\/vc_column][\/vc_row]<\/p>\n<\/div>","protected":false},"excerpt":{"rendered":"<p>[vc_row unlock_row_content=&#8221;yes&#8221; row_height_percent=&#8221;0&#8243; override_padding=&#8221;yes&#8221; h_padding=&#8221;2&#8243; top_padding=&#8221;2&#8243; bottom_padding=&#8221;2&#8243; overlay_alpha=&#8221;50&#8243; gutter_size=&#8221;3&#8243; column_width_percent=&#8221;100&#8243; shift_y=&#8221;0&#8243; z_index=&#8221;0&#8243; uncode_shortcode_id=&#8221;150009&#8243;][vc_column column_width_percent=&#8221;100&#8243; gutter_size=&#8221;3&#8243; override_padding=&#8221;yes&#8221; column_padding=&#8221;2&#8243; back_color=&#8221;color-xsdn&#8221; overlay_alpha=&#8221;50&#8243; radius=&#8221;lg&#8221; [&hellip;]<\/p>\n","protected":false},"author":1,"featured_media":0,"parent":0,"menu_order":0,"comment_status":"closed","ping_status":"closed","template":"","meta":{"footnotes":""},"class_list":["post-1627","page","type-page","status-publish","hentry"],"_links":{"self":[{"href":"https:\/\/www.albasoundsl.com\/ca\/wp-json\/wp\/v2\/pages\/1627","targetHints":{"allow":["GET"]}}],"collection":[{"href":"https:\/\/www.albasoundsl.com\/ca\/wp-json\/wp\/v2\/pages"}],"about":[{"href":"https:\/\/www.albasoundsl.com\/ca\/wp-json\/wp\/v2\/types\/page"}],"author":[{"embeddable":true,"href":"https:\/\/www.albasoundsl.com\/ca\/wp-json\/wp\/v2\/users\/1"}],"replies":[{"embeddable":true,"href":"https:\/\/www.albasoundsl.com\/ca\/wp-json\/wp\/v2\/comments?post=1627"}],"version-history":[{"count":4,"href":"https:\/\/www.albasoundsl.com\/ca\/wp-json\/wp\/v2\/pages\/1627\/revisions"}],"predecessor-version":[{"id":1628,"href":"https:\/\/www.albasoundsl.com\/ca\/wp-json\/wp\/v2\/pages\/1627\/revisions\/1628"}],"wp:attachment":[{"href":"https:\/\/www.albasoundsl.com\/ca\/wp-json\/wp\/v2\/media?parent=1627"}],"curies":[{"name":"wp","href":"https:\/\/api.w.org\/{rel}","templated":true}]}}