{"id":1633,"date":"2023-03-13T09:13:12","date_gmt":"2023-03-13T09:13:12","guid":{"rendered":"https:\/\/www.albasoundsl.com\/albasound\/"},"modified":"2025-04-29T11:59:16","modified_gmt":"2025-04-29T11:59:16","slug":"albasound","status":"publish","type":"page","link":"https:\/\/www.albasoundsl.com\/es\/","title":{"rendered":"Albasound"},"content":{"rendered":"<div class=\"wpb-content-wrapper\"><p>[vc_row unlock_row_content=\u00bbyes\u00bb row_height_percent=\u00bb0&#8243; override_padding=\u00bbyes\u00bb h_padding=\u00bb2&#8243; top_padding=\u00bb2&#8243; bottom_padding=\u00bb2&#8243; overlay_alpha=\u00bb50&#8243; equal_height=\u00bbyes\u00bb gutter_size=\u00bb3&#8243; column_width_percent=\u00bb100&#8243; shift_y=\u00bb0&#8243; z_index=\u00bb0&#8243; medium_visibility=\u00bbyes\u00bb mobile_visibility=\u00bbyes\u00bb uncode_shortcode_id=\u00bb212687&#8243;][vc_column column_width_percent=\u00bb100&#8243; gutter_size=\u00bb3&#8243; overlay_alpha=\u00bb50&#8243; shift_x=\u00bb0&#8243; shift_y=\u00bb0&#8243; shift_y_down=\u00bb0&#8243; z_index=\u00bb0&#8243; medium_width=\u00bb0&#8243; mobile_width=\u00bb7&#8243; width=\u00bb1\/1&#8243; uncode_shortcode_id=\u00bb221202&#8243;][uncode_index el_id=\u00bbindex-257771&#8243; loop=\u00bbsize:10|order_by:date|post_type:post|by_id:817|taxonomy_count:10&#8243; screen_lg=\u00bb1000&#8243; screen_md=\u00bb600&#8243; screen_sm=\u00bb480&#8243; gutter_size=\u00bb3&#8243; post_items=\u00bbmedia|featured|nolink|original\u00bb single_text=\u00bboverlay\u00bb single_width=\u00bb12&#8243; single_overlay_opacity=\u00bb50&#8243; single_overlay_anim=\u00bbno\u00bb single_text_anim=\u00bbno\u00bb single_image_anim=\u00bbno\u00bb single_secondary=\u00bbyes\u00bb single_padding=\u00bb2&#8243; single_border=\u00bbyes\u00bb uncode_shortcode_id=\u00bb132476&#8243; items=\u00bbeyIzNjBfaSI6eyJzaW5nbGVfc2Vjb25kYXJ5IjoieWVzIiwic2luZ2xlX292ZXJsYXlfYW5pbSI6Im5vIiwic2luZ2xlX3RleHRfYW5pbSI6Im5vIiwic2luZ2xlX2ltYWdlX2FuaW0iOiJubyJ9fQ==\u00bb][\/vc_column][\/vc_row][vc_row unlock_row_content=\u00bbyes\u00bb row_height_percent=\u00bb0&#8243; override_padding=\u00bbyes\u00bb h_padding=\u00bb2&#8243; top_padding=\u00bb2&#8243; bottom_padding=\u00bb2&#8243; overlay_alpha=\u00bb50&#8243; equal_height=\u00bbyes\u00bb gutter_size=\u00bb3&#8243; column_width_percent=\u00bb100&#8243; shift_y=\u00bb0&#8243; z_index=\u00bb0&#8243; desktop_visibility=\u00bbyes\u00bb uncode_shortcode_id=\u00bb179026&#8243;][vc_column column_width_percent=\u00bb100&#8243; gutter_size=\u00bb3&#8243; overlay_alpha=\u00bb50&#8243; shift_x=\u00bb0&#8243; shift_y=\u00bb0&#8243; shift_y_down=\u00bb0&#8243; z_index=\u00bb0&#8243; medium_width=\u00bb0&#8243; mobile_width=\u00bb7&#8243; width=\u00bb1\/1&#8243; uncode_shortcode_id=\u00bb221202&#8243;][uncode_index el_id=\u00bbindex-257771&#8243; loop=\u00bbsize:10|order_by:date|post_type:post|by_id:819|taxonomy_count:10&#8243; screen_lg=\u00bb1000&#8243; screen_md=\u00bb600&#8243; screen_sm=\u00bb480&#8243; gutter_size=\u00bb3&#8243; post_items=\u00bbmedia|featured|nolink|original\u00bb single_text=\u00bboverlay\u00bb single_width=\u00bb12&#8243; single_overlay_opacity=\u00bb50&#8243; single_overlay_anim=\u00bbno\u00bb single_text_anim=\u00bbno\u00bb single_image_anim=\u00bbno\u00bb single_secondary=\u00bbyes\u00bb single_padding=\u00bb2&#8243; single_border=\u00bbyes\u00bb uncode_shortcode_id=\u00bb162542&#8243; items=\u00bbeyIzNjBfaSI6eyJzaW5nbGVfc2Vjb25kYXJ5IjoieWVzIiwic2luZ2xlX292ZXJsYXlfYW5pbSI6Im5vIiwic2luZ2xlX3RleHRfYW5pbSI6Im5vIiwic2luZ2xlX2ltYWdlX2FuaW0iOiJubyJ9fQ==\u00bb][\/vc_column][\/vc_row][vc_row unlock_row_content=\u00bbyes\u00bb row_height_percent=\u00bb0&#8243; overlay_alpha=\u00bb50&#8243; equal_height=\u00bbyes\u00bb gutter_size=\u00bb3&#8243; column_width_percent=\u00bb100&#8243; shift_y=\u00bb0&#8243; z_index=\u00bb0&#8243; desktop_visibility=\u00bbyes\u00bb medium_visibility=\u00bbyes\u00bb mobile_visibility=\u00bbyes\u00bb uncode_shortcode_id=\u00bb226365&#8243;][vc_column column_width_percent=\u00bb100&#8243; gutter_size=\u00bb3&#8243; overlay_alpha=\u00bb50&#8243; shift_x=\u00bb0&#8243; shift_y=\u00bb0&#8243; shift_y_down=\u00bb0&#8243; z_index=\u00bb0&#8243; medium_width=\u00bb0&#8243; mobile_width=\u00bb4&#8243; width=\u00bb1\/4&#8243; uncode_shortcode_id=\u00bb195550&#8243;][vc_single_image media=\u00bb228&#8243; media_width_percent=\u00bb100&#8243; advanced=\u00bbyes\u00bb media_items=\u00bbmedia|original\u00bb media_text=\u00bbunder\u00bb media_overlay_color=\u00bbcolor-101216&#8243; media_overlay_opacity=\u00bb100&#8243; media_overlay_visible=\u00bbyes\u00bb media_image_anim=\u00bbno\u00bb media_v_position=\u00bbbottom\u00bb media_h_position=\u00bbright\u00bb media_padding=\u00bb1&#8243; media_text_reduced=\u00bbyes\u00bb css_animation=\u00bbalpha-anim\u00bb uncode_shortcode_id=\u00bb192578&#8243; media_overlay_color_type=\u00bbuncode-palette\u00bb el_class=\u00bbarc-radius-home-images\u00bb media_link=\u00bburl:%23&#8243;][\/vc_column][vc_column column_width_percent=\u00bb100&#8243; gutter_size=\u00bb3&#8243; overlay_alpha=\u00bb50&#8243; shift_x=\u00bb0&#8243; shift_y=\u00bb0&#8243; shift_y_down=\u00bb0&#8243; z_index=\u00bb0&#8243; medium_width=\u00bb0&#8243; mobile_width=\u00bb4&#8243; width=\u00bb1\/4&#8243; uncode_shortcode_id=\u00bb196718&#8243;][vc_single_image media=\u00bb228&#8243; media_width_percent=\u00bb100&#8243; advanced=\u00bbyes\u00bb media_items=\u00bbmedia|original\u00bb media_text=\u00bbunder\u00bb media_overlay_color=\u00bbcolor-101216&#8243; media_overlay_opacity=\u00bb100&#8243; media_overlay_visible=\u00bbyes\u00bb media_image_anim=\u00bbno\u00bb media_v_position=\u00bbbottom\u00bb media_h_position=\u00bbright\u00bb media_padding=\u00bb1&#8243; media_text_reduced=\u00bbyes\u00bb css_animation=\u00bbalpha-anim\u00bb uncode_shortcode_id=\u00bb171555&#8243; media_overlay_color_type=\u00bbuncode-palette\u00bb el_class=\u00bbarc-radius-home-images\u00bb media_link=\u00bburl:%23&#8243;][\/vc_column][vc_column column_width_percent=\u00bb100&#8243; gutter_size=\u00bb4&#8243; expand_height=\u00bbyes\u00bb overlay_alpha=\u00bb50&#8243; shift_x=\u00bb0&#8243; shift_y=\u00bb0&#8243; shift_y_down=\u00bb0&#8243; z_index=\u00bb0&#8243; medium_width=\u00bb0&#8243; mobile_width=\u00bb4&#8243; width=\u00bb1\/4&#8243; uncode_shortcode_id=\u00bb142911&#8243;][vc_single_image media=\u00bb229&#8243; media_width_percent=\u00bb100&#8243; advanced=\u00bbyes\u00bb media_items=\u00bbmedia|original\u00bb media_text=\u00bbunder\u00bb media_overlay_color=\u00bbcolor-101216&#8243; media_overlay_opacity=\u00bb100&#8243; media_overlay_visible=\u00bbyes\u00bb media_image_anim=\u00bbno\u00bb media_v_position=\u00bbbottom\u00bb media_h_position=\u00bbright\u00bb media_padding=\u00bb1&#8243; media_text_reduced=\u00bbyes\u00bb css_animation=\u00bbalpha-anim\u00bb uncode_shortcode_id=\u00bb213949&#8243; media_overlay_color_type=\u00bbuncode-palette\u00bb el_class=\u00bbarc-radius-home-images\u00bb media_link=\u00bburl:%23&#8243;][vc_single_image media=\u00bb230&#8243; media_width_percent=\u00bb100&#8243; advanced=\u00bbyes\u00bb media_items=\u00bbmedia|original\u00bb media_text=\u00bbunder\u00bb media_overlay_color=\u00bbcolor-101216&#8243; media_overlay_opacity=\u00bb100&#8243; media_overlay_visible=\u00bbyes\u00bb media_image_anim=\u00bbno\u00bb media_v_position=\u00bbbottom\u00bb media_h_position=\u00bbright\u00bb media_padding=\u00bb2&#8243; media_text_reduced=\u00bbyes\u00bb css_animation=\u00bbalpha-anim\u00bb uncode_shortcode_id=\u00bb161016&#8243; media_overlay_color_type=\u00bbuncode-palette\u00bb el_class=\u00bbarc-radius-home-images align-bottom\u00bb media_link=\u00bburl:%23&#8243;][\/vc_column][vc_column column_width_percent=\u00bb100&#8243; gutter_size=\u00bb3&#8243; overlay_alpha=\u00bb50&#8243; shift_x=\u00bb0&#8243; shift_y=\u00bb0&#8243; shift_y_down=\u00bb0&#8243; z_index=\u00bb0&#8243; medium_width=\u00bb0&#8243; mobile_width=\u00bb4&#8243; width=\u00bb1\/4&#8243; uncode_shortcode_id=\u00bb179773&#8243;][vc_single_image media=\u00bb228&#8243; media_width_percent=\u00bb100&#8243; advanced=\u00bbyes\u00bb media_items=\u00bbmedia|original\u00bb media_text=\u00bbunder\u00bb media_overlay_color=\u00bbcolor-101216&#8243; media_overlay_opacity=\u00bb100&#8243; media_overlay_visible=\u00bbyes\u00bb media_image_anim=\u00bbno\u00bb media_v_position=\u00bbbottom\u00bb media_h_position=\u00bbright\u00bb media_padding=\u00bb1&#8243; media_text_reduced=\u00bbyes\u00bb css_animation=\u00bbalpha-anim\u00bb uncode_shortcode_id=\u00bb170859&#8243; media_overlay_color_type=\u00bbuncode-palette\u00bb el_class=\u00bbarc-radius-home-images\u00bb media_link=\u00bburl:%23&#8243;][\/vc_column][\/vc_row][vc_row unlock_row_content=\u00bbyes\u00bb row_height_percent=\u00bb0&#8243; overlay_alpha=\u00bb50&#8243; gutter_size=\u00bb3&#8243; column_width_percent=\u00bb100&#8243; border_color=\u00bbcolor-jevc\u00bb border_style=\u00bbsolid\u00bb shift_y=\u00bb0&#8243; z_index=\u00bb0&#8243; auto_height_device=\u00bbyes\u00bb uncode_shortcode_id=\u00bb105327&#8243; css=\u00bb.vc_custom_1680097369037{border-top-width: 1px !important;border-bottom-width: 1px !important;}\u00bb border_color_type=\u00bbuncode-palette\u00bb][vc_column width=\u00bb1\/1&#8243;][vc_custom_heading text_color=\u00bbcolor-101216&#8243; heading_semantic=\u00bbh1&#8243; text_size=\u00bbfontsize-148153&#8243; text_transform=\u00bbuppercase\u00bb uncode_shortcode_id=\u00bb838074&#8243; text_color_type=\u00bbuncode-palette\u00bb el_class=\u00bbmarquee-left-right\u00bb]Producci\u00f3n audiovisual s\u00f3lida y precisa. \u00a1Preparados, listos&#8230; ya![\/vc_custom_heading][\/vc_column][\/vc_row][vc_row unlock_row_content=\u00bbyes\u00bb row_height_percent=\u00bb0&#8243; override_padding=\u00bbyes\u00bb h_padding=\u00bb2&#8243; top_padding=\u00bb3&#8243; bottom_padding=\u00bb3&#8243; overlay_alpha=\u00bb50&#8243; gutter_size=\u00bb3&#8243; column_width_percent=\u00bb100&#8243; shift_y=\u00bb0&#8243; z_index=\u00bb0&#8243; uncode_shortcode_id=\u00bb419663&#8243;][vc_column width=\u00bb1\/1&#8243;][vc_row_inner row_inner_height_percent=\u00bb0&#8243; overlay_alpha=\u00bb50&#8243; gutter_size=\u00bb3&#8243; preserve_border=\u00bbyes\u00bb preserve_border_tablet=\u00bbyes\u00bb preserve_border_mobile=\u00bbyes\u00bb border_color=\u00bbcolor-jevc\u00bb border_style=\u00bbsolid\u00bb shift_y=\u00bb0&#8243; z_index=\u00bb0&#8243; uncode_shortcode_id=\u00bb994900&#8243; css=\u00bb.vc_custom_1678804880175{border-top-width: 1px !important;border-right-width: 1px !important;border-bottom-width: 1px !important;border-left-width: 1px !important;}\u00bb border_color_type=\u00bbuncode-palette\u00bb el_class=\u00bbarc-radius-text-boxes\u00bb][vc_column_inner column_width_percent=\u00bb100&#8243; gutter_size=\u00bb3&#8243; override_padding=\u00bbyes\u00bb column_padding=\u00bb3&#8243; overlay_alpha=\u00bb50&#8243; shift_x=\u00bb0&#8243; shift_y=\u00bb0&#8243; shift_y_down=\u00bb0&#8243; z_index=\u00bb0&#8243; medium_width=\u00bb0&#8243; mobile_width=\u00bb0&#8243; width=\u00bb1\/3&#8243; uncode_shortcode_id=\u00bb563987&#8243;][vc_column_text uncode_shortcode_id=\u00bb182988&#8243;]\/ QU\u00c9 HACEMOS[\/vc_column_text][\/vc_column_inner][vc_column_inner column_width_percent=\u00bb100&#8243; gutter_size=\u00bb3&#8243; override_padding=\u00bbyes\u00bb column_padding=\u00bb3&#8243; overlay_alpha=\u00bb50&#8243; shift_x=\u00bb0&#8243; shift_y=\u00bb0&#8243; shift_y_down=\u00bb0&#8243; z_index=\u00bb0&#8243; medium_width=\u00bb0&#8243; mobile_width=\u00bb0&#8243; width=\u00bb2\/3&#8243; uncode_shortcode_id=\u00bb117351&#8243;][vc_column_text uncode_shortcode_id=\u00bb167391&#8243;]<\/p>\n<p class=\"\" data-start=\"581\" data-end=\"911\">En Albasound combinamos el mejor equipamiento t\u00e9cnico con el mejor equipo humano para preparar y producir tus eventos, cuidando todos los detalles, tocando las teclas necesarias y asegur\u00e1ndonos de que todo salga lo mejor posible. Y ante cualquier contratiempo, que siempre puede surgir, damos la mejor respuesta.<\/p>\n<p class=\"\" data-start=\"913\" data-end=\"1082\">En resumen, ponemos la tecnolog\u00eda m\u00e1s avanzada en manos de los mejores profesionales y dirigimos los eventos con precisi\u00f3n para ofrecer una experiencia s\u00f3lida y exitosa.<\/p>\n<p>[\/vc_column_text][\/vc_column_inner][\/vc_row_inner][\/vc_column][\/vc_row][vc_row][vc_column column_width_percent=\u00bb100&#8243; align_horizontal=\u00bbalign_center\u00bb gutter_size=\u00bb3&#8243; overlay_alpha=\u00bb50&#8243; shift_x=\u00bb0&#8243; shift_y=\u00bb0&#8243; shift_y_down=\u00bb0&#8243; z_index=\u00bb0&#8243; medium_width=\u00bb0&#8243; mobile_width=\u00bb0&#8243; width=\u00bb1\/1&#8243; uncode_shortcode_id=\u00bb112909&#8243;][vc_custom_heading text_size=\u00bb\u00bb text_weight=\u00bb400&#8243; uncode_shortcode_id=\u00bb110958&#8243;]<span data-sheets-value=\"{&quot;1&quot;:2,&quot;2&quot;:&quot;SERVICES&quot;}\" data-sheets-userformat=\"{&quot;2&quot;:957,&quot;3&quot;:{&quot;1&quot;:0},&quot;5&quot;:{&quot;1&quot;:[{&quot;1&quot;:2,&quot;2&quot;:0,&quot;5&quot;:{&quot;1&quot;:2,&quot;2&quot;:0}},{&quot;1&quot;:0,&quot;2&quot;:0,&quot;3&quot;:3},{&quot;1&quot;:1,&quot;2&quot;:0,&quot;4&quot;:1}]},&quot;6&quot;:{&quot;1&quot;:[{&quot;1&quot;:2,&quot;2&quot;:0,&quot;5&quot;:{&quot;1&quot;:2,&quot;2&quot;:0}},{&quot;1&quot;:0,&quot;2&quot;:0,&quot;3&quot;:3},{&quot;1&quot;:1,&quot;2&quot;:0,&quot;4&quot;:1}]},&quot;7&quot;:{&quot;1&quot;:[{&quot;1&quot;:2,&quot;2&quot;:0,&quot;5&quot;:{&quot;1&quot;:2,&quot;2&quot;:0}},{&quot;1&quot;:0,&quot;2&quot;:0,&quot;3&quot;:3},{&quot;1&quot;:1,&quot;2&quot;:0,&quot;4&quot;:1}]},&quot;8&quot;:{&quot;1&quot;:[{&quot;1&quot;:2,&quot;2&quot;:0,&quot;5&quot;:{&quot;1&quot;:2,&quot;2&quot;:0}},{&quot;1&quot;:0,&quot;2&quot;:0,&quot;3&quot;:3},{&quot;1&quot;:1,&quot;2&quot;:0,&quot;4&quot;:1}]},&quot;10&quot;:0,&quot;11&quot;:4,&quot;12&quot;:0}\">SERVICIOS<\/span>[\/vc_custom_heading][vc_column_text uncode_shortcode_id=\u00bb125397&#8243;]<\/p>\n<div class=\"vertical-line\"><\/div>\n<p>[\/vc_column_text][vc_empty_space empty_h=\u00bb3&#8243;][vc_wp_custommenu nav_menu=\u00bb3&#8243; use_widget_style=\u00bbyes\u00bb widget_style_no_arrows=\u00bbyes\u00bb el_class=\u00bbmenu-services-block\u00bb][vc_column_text uncode_shortcode_id=\u00bb125397&#8243;]<\/p>\n<div class=\"vertical-line\"><\/div>\n<p>[\/vc_column_text][vc_empty_space empty_h=\u00bb4&#8243;][vc_button button_color=\u00bbcolor-jevc\u00bb radius=\u00bbbtn-round\u00bb outline=\u00bbyes\u00bb border_width=\u00bb1&#8243; link=\u00bburl:%2Fes%2Fservicios%2F|title:Servicios\u00bb uncode_shortcode_id=\u00bb761303&#8243; button_color_type=\u00bbuncode-palette\u00bb]VER TODOS[\/vc_button][\/vc_column][\/vc_row][vc_row unlock_row_content=\u00bbyes\u00bb row_height_percent=\u00bb0&#8243; override_padding=\u00bbyes\u00bb h_padding=\u00bb2&#8243; top_padding=\u00bb3&#8243; bottom_padding=\u00bb3&#8243; overlay_alpha=\u00bb50&#8243; gutter_size=\u00bb3&#8243; column_width_percent=\u00bb100&#8243; shift_y=\u00bb0&#8243; z_index=\u00bb0&#8243; uncode_shortcode_id=\u00bb122700&#8243;][vc_column column_width_percent=\u00bb100&#8243; gutter_size=\u00bb3&#8243; overlay_alpha=\u00bb50&#8243; shift_x=\u00bb0&#8243; shift_y=\u00bb0&#8243; shift_y_down=\u00bb0&#8243; z_index=\u00bb0&#8243; medium_width=\u00bb0&#8243; mobile_width=\u00bb0&#8243; width=\u00bb1\/1&#8243; uncode_shortcode_id=\u00bb298693&#8243;][vc_row_inner row_inner_height_percent=\u00bb0&#8243; back_color=\u00bbcolor-xsdn\u00bb overlay_alpha=\u00bb50&#8243; equal_height=\u00bbyes\u00bb gutter_size=\u00bb0&#8243; shift_y=\u00bb0&#8243; z_index=\u00bb0&#8243; uncode_shortcode_id=\u00bb493284&#8243; back_color_type=\u00bbuncode-palette\u00bb el_class=\u00bbarc-radius-row\u00bb][vc_column_inner column_width_percent=\u00bb100&#8243; gutter_size=\u00bb3&#8243; override_padding=\u00bbyes\u00bb column_padding=\u00bb3&#8243; overlay_alpha=\u00bb50&#8243; shift_x=\u00bb0&#8243; shift_y=\u00bb0&#8243; shift_y_down=\u00bb0&#8243; z_index=\u00bb0&#8243; medium_width=\u00bb0&#8243; mobile_width=\u00bb0&#8243; width=\u00bb1\/2&#8243; uncode_shortcode_id=\u00bb346815&#8243;][vc_custom_heading uncode_shortcode_id=\u00bb137324&#8243;]No hay proyectos imposibles[\/vc_custom_heading][vc_column_text uncode_shortcode_id=\u00bb271181&#8243; el_class=\u00bbbottom-text\u00bb]Con m\u00e1s de 25 a\u00f1os de experiencia en el sector del entretenimiento y el espect\u00e1culo, tanto a nivel nacional como internacional, nuestra pasi\u00f3n se refleja en cada uno de nuestros \u00e9xitos. No creemos en los l\u00edmites: cada propuesta de nuestros clientes se convierte en un reto.[\/vc_column_text][\/vc_column_inner][vc_column_inner column_width_percent=\u00bb100&#8243; gutter_size=\u00bb3&#8243; overlay_alpha=\u00bb50&#8243; shift_x=\u00bb0&#8243; shift_y=\u00bb0&#8243; shift_y_down=\u00bb0&#8243; z_index=\u00bb0&#8243; medium_width=\u00bb0&#8243; mobile_width=\u00bb0&#8243; width=\u00bb1\/2&#8243; uncode_shortcode_id=\u00bb148703&#8243; css=\u00bb.vc_custom_1678959868248{padding-left: 0px !important;}\u00bb][vc_single_image media=\u00bb959&#8243; media_width_percent=\u00bb100&#8243; shape=\u00bbimg-round\u00bb radius=\u00bblg\u00bb uncode_shortcode_id=\u00bb805536&#8243;][\/vc_column_inner][\/vc_row_inner][\/vc_column][\/vc_row][vc_row unlock_row_content=\u00bbyes\u00bb row_height_percent=\u00bb0&#8243; override_padding=\u00bbyes\u00bb h_padding=\u00bb2&#8243; top_padding=\u00bb0&#8243; bottom_padding=\u00bb3&#8243; overlay_alpha=\u00bb50&#8243; gutter_size=\u00bb3&#8243; column_width_percent=\u00bb100&#8243; shift_y=\u00bb0&#8243; z_index=\u00bb0&#8243; uncode_shortcode_id=\u00bb208127&#8243;][vc_column column_width_percent=\u00bb100&#8243; gutter_size=\u00bb3&#8243; overlay_alpha=\u00bb50&#8243; shift_x=\u00bb0&#8243; shift_y=\u00bb0&#8243; shift_y_down=\u00bb0&#8243; z_index=\u00bb0&#8243; medium_width=\u00bb0&#8243; mobile_width=\u00bb0&#8243; width=\u00bb1\/1&#8243; uncode_shortcode_id=\u00bb298693&#8243;][vc_row_inner row_inner_height_percent=\u00bb0&#8243; back_color=\u00bbcolor-xsdn\u00bb overlay_alpha=\u00bb50&#8243; equal_height=\u00bbyes\u00bb gutter_size=\u00bb0&#8243; shift_y=\u00bb0&#8243; z_index=\u00bb0&#8243; inverted_device_order=\u00bbyes\u00bb uncode_shortcode_id=\u00bb147018&#8243; back_color_type=\u00bbuncode-palette\u00bb el_class=\u00bbarc-radius-row\u00bb][vc_column_inner column_width_percent=\u00bb100&#8243; gutter_size=\u00bb3&#8243; overlay_alpha=\u00bb50&#8243; shift_x=\u00bb0&#8243; shift_y=\u00bb0&#8243; shift_y_down=\u00bb0&#8243; z_index=\u00bb0&#8243; medium_width=\u00bb0&#8243; mobile_width=\u00bb0&#8243; width=\u00bb1\/2&#8243; uncode_shortcode_id=\u00bb712623&#8243; css=\u00bb.vc_custom_1678959875950{padding-right: 0px !important;}\u00bb][vc_single_image media=\u00bb962&#8243; media_width_percent=\u00bb100&#8243; shape=\u00bbimg-round\u00bb radius=\u00bblg\u00bb uncode_shortcode_id=\u00bb154866&#8243;][\/vc_column_inner][vc_column_inner column_width_percent=\u00bb100&#8243; gutter_size=\u00bb3&#8243; override_padding=\u00bbyes\u00bb column_padding=\u00bb3&#8243; overlay_alpha=\u00bb50&#8243; shift_x=\u00bb0&#8243; shift_y=\u00bb0&#8243; shift_y_down=\u00bb0&#8243; z_index=\u00bb0&#8243; medium_width=\u00bb0&#8243; mobile_width=\u00bb0&#8243; width=\u00bb1\/2&#8243; uncode_shortcode_id=\u00bb343257&#8243;][vc_custom_heading uncode_shortcode_id=\u00bb673180&#8243;]Iluminaci\u00f3n, sonido y v\u00eddeo sin l\u00edmites[\/vc_custom_heading][vc_column_text uncode_shortcode_id=\u00bb102948&#8243; el_class=\u00bbbottom-text\u00bb]<\/p>\n<p class=\"\" data-start=\"358\" data-end=\"685\">Producimos y dise\u00f1amos eventos de todo tipo, siguiendo estrategias que combinan creatividad y producci\u00f3n. Nos adaptamos a los objetivos espec\u00edficos de cada proyecto, aportando todo lo necesario para consolidarlos, desde las infraestructuras hasta los detalles m\u00e1s creativos. Juntos haremos realidad tu evento.<\/p>\n<p>[\/vc_column_text][\/vc_column_inner][\/vc_row_inner][\/vc_column][\/vc_row][vc_row unlock_row_content=\u00bbyes\u00bb row_height_percent=\u00bb0&#8243; override_padding=\u00bbyes\u00bb h_padding=\u00bb2&#8243; top_padding=\u00bb0&#8243; bottom_padding=\u00bb2&#8243; overlay_alpha=\u00bb50&#8243; gutter_size=\u00bb3&#8243; column_width_percent=\u00bb100&#8243; shift_y=\u00bb0&#8243; z_index=\u00bb0&#8243; uncode_shortcode_id=\u00bb107450&#8243;][vc_column column_width_percent=\u00bb100&#8243; gutter_size=\u00bb3&#8243; overlay_alpha=\u00bb50&#8243; shift_x=\u00bb0&#8243; shift_y=\u00bb0&#8243; shift_y_down=\u00bb0&#8243; z_index=\u00bb0&#8243; medium_width=\u00bb0&#8243; mobile_width=\u00bb0&#8243; width=\u00bb1\/1&#8243; uncode_shortcode_id=\u00bb298693&#8243;][vc_row_inner row_inner_height_percent=\u00bb0&#8243; back_color=\u00bbcolor-xsdn\u00bb overlay_alpha=\u00bb50&#8243; equal_height=\u00bbyes\u00bb gutter_size=\u00bb0&#8243; shift_y=\u00bb0&#8243; z_index=\u00bb0&#8243; uncode_shortcode_id=\u00bb191971&#8243; back_color_type=\u00bbuncode-palette\u00bb el_class=\u00bbarc-radius-row\u00bb][vc_column_inner column_width_percent=\u00bb100&#8243; gutter_size=\u00bb3&#8243; override_padding=\u00bbyes\u00bb column_padding=\u00bb3&#8243; overlay_alpha=\u00bb50&#8243; shift_x=\u00bb0&#8243; shift_y=\u00bb0&#8243; shift_y_down=\u00bb0&#8243; z_index=\u00bb0&#8243; medium_width=\u00bb0&#8243; mobile_width=\u00bb0&#8243; width=\u00bb1\/2&#8243; uncode_shortcode_id=\u00bb461228&#8243;][vc_custom_heading uncode_shortcode_id=\u00bb467111&#8243;]Equipo humano y t\u00e9cnico a tu servicio[\/vc_custom_heading][vc_column_text uncode_shortcode_id=\u00bb161454&#8243; el_class=\u00bbbottom-text\u00bb]Disponemos de equipamiento de iluminaci\u00f3n, sonido y v\u00eddeo de \u00faltima generaci\u00f3n. Y lo combinamos con un equipo de profesionales altamente cualificados para cada ocasi\u00f3n, que te ofrecen un trato personalizado, especializado y cercano.[\/vc_column_text][\/vc_column_inner][vc_column_inner column_width_percent=\u00bb100&#8243; gutter_size=\u00bb3&#8243; overlay_alpha=\u00bb50&#8243; shift_x=\u00bb0&#8243; shift_y=\u00bb0&#8243; shift_y_down=\u00bb0&#8243; z_index=\u00bb0&#8243; medium_width=\u00bb0&#8243; mobile_width=\u00bb0&#8243; width=\u00bb1\/2&#8243; uncode_shortcode_id=\u00bb211064&#8243; css=\u00bb.vc_custom_1678959883633{padding-left: 0px !important;}\u00bb][vc_single_image media=\u00bb965&#8243; media_width_percent=\u00bb100&#8243; shape=\u00bbimg-round\u00bb radius=\u00bblg\u00bb uncode_shortcode_id=\u00bb231871&#8243;][\/vc_column_inner][\/vc_row_inner][\/vc_column][\/vc_row][vc_row row_height_percent=\u00bb0&#8243; override_padding=\u00bbyes\u00bb h_padding=\u00bb2&#8243; top_padding=\u00bb3&#8243; bottom_padding=\u00bb5&#8243; overlay_alpha=\u00bb50&#8243; gutter_size=\u00bb3&#8243; column_width_percent=\u00bb100&#8243; shift_y=\u00bb0&#8243; z_index=\u00bb0&#8243; content_parallax=\u00bb0&#8243; uncode_shortcode_id=\u00bb850966&#8243;][vc_column column_width_percent=\u00bb100&#8243; align_horizontal=\u00bbalign_center\u00bb gutter_size=\u00bb3&#8243; overlay_alpha=\u00bb50&#8243; shift_x=\u00bb0&#8243; shift_y=\u00bb0&#8243; shift_y_down=\u00bb0&#8243; z_index=\u00bb0&#8243; medium_width=\u00bb0&#8243; mobile_width=\u00bb0&#8243; width=\u00bb1\/1&#8243; uncode_shortcode_id=\u00bb150397&#8243;][vc_custom_heading heading_semantic=\u00bbh3&#8243; text_size=\u00bbh3&#8243; text_transform=\u00bbuppercase\u00bb uncode_shortcode_id=\u00bb804401&#8243;]UPDATES[\/vc_custom_heading][vc_raw_html]JTVCaW5zdGFncmFtJTIwZmVlZCUzRCUyMjEyMTIlMjIlNUQ=[\/vc_raw_html][\/vc_column][\/vc_row][vc_row][vc_column width=\u00bb1\/1&#8243;][uncode_block id=\u00bb1888&#8243;][\/vc_column][\/vc_row]<\/p>\n<\/div>","protected":false},"excerpt":{"rendered":"<p>[vc_row unlock_row_content=\u00bbyes\u00bb row_height_percent=\u00bb0&#8243; override_padding=\u00bbyes\u00bb h_padding=\u00bb2&#8243; top_padding=\u00bb2&#8243; bottom_padding=\u00bb2&#8243; overlay_alpha=\u00bb50&#8243; equal_height=\u00bbyes\u00bb gutter_size=\u00bb3&#8243; column_width_percent=\u00bb100&#8243; shift_y=\u00bb0&#8243; z_index=\u00bb0&#8243; medium_visibility=\u00bbyes\u00bb mobile_visibility=\u00bbyes\u00bb uncode_shortcode_id=\u00bb212687&#8243;][vc_column column_width_percent=\u00bb100&#8243; gutter_size=\u00bb3&#8243; overlay_alpha=\u00bb50&#8243; shift_x=\u00bb0&#8243; [&hellip;]<\/p>\n","protected":false},"author":1,"featured_media":0,"parent":0,"menu_order":0,"comment_status":"closed","ping_status":"closed","template":"","meta":{"footnotes":""},"class_list":["post-1633","page","type-page","status-publish","hentry"],"_links":{"self":[{"href":"https:\/\/www.albasoundsl.com\/es\/wp-json\/wp\/v2\/pages\/1633","targetHints":{"allow":["GET"]}}],"collection":[{"href":"https:\/\/www.albasoundsl.com\/es\/wp-json\/wp\/v2\/pages"}],"about":[{"href":"https:\/\/www.albasoundsl.com\/es\/wp-json\/wp\/v2\/types\/page"}],"author":[{"embeddable":true,"href":"https:\/\/www.albasoundsl.com\/es\/wp-json\/wp\/v2\/users\/1"}],"replies":[{"embeddable":true,"href":"https:\/\/www.albasoundsl.com\/es\/wp-json\/wp\/v2\/comments?post=1633"}],"version-history":[{"count":5,"href":"https:\/\/www.albasoundsl.com\/es\/wp-json\/wp\/v2\/pages\/1633\/revisions"}],"predecessor-version":[{"id":1897,"href":"https:\/\/www.albasoundsl.com\/es\/wp-json\/wp\/v2\/pages\/1633\/revisions\/1897"}],"wp:attachment":[{"href":"https:\/\/www.albasoundsl.com\/es\/wp-json\/wp\/v2\/media?parent=1633"}],"curies":[{"name":"wp","href":"https:\/\/api.w.org\/{rel}","templated":true}]}}